{"id":703,"date":"2018-09-23T21:25:54","date_gmt":"2018-09-23T14:25:54","guid":{"rendered":"http:\/\/pkanphu.com\/?page_id=703"},"modified":"2023-12-05T11:21:58","modified_gmt":"2023-12-05T04:21:58","slug":"khoa-noi","status":"publish","type":"page","link":"https:\/\/pkanphu.com\/?page_id=703","title":{"rendered":"Khoa N\u1ed9i"},"content":{"rendered":"<table border=1px>\n<tbody>\n<tr>\n<td width=\"60\">B\u00e1c s\u0129 ph\u1ee5 tr\u00e1ch:<\/td>\n<td width=\"312\"><span style=\"font-size: 100%;\">BS.CKI Nguy\u1ec5n V\u0103n C\u01b0\u01a1ng<\/span><\/td>\n<\/tr>\n<tr>\n<td width=\"60\"><span style=\"font-size: 100%;\">CCHN:<\/span><\/td>\n<td width=\"312\"><span style=\"font-size: 100%;\">0015295\/BYT-CCHN<\/span><\/td>\n<\/tr>\n<tr>\n<td width=\"60\"><span style=\"font-size: 100%;\">Chuy\u00ean m\u00f4n:<\/span><\/td>\n<td width=\"312\"><span style=\"font-size: 100%;\">Kh\u00e1m b\u1ec7nh, ch\u1eefa b\u00eanh chuy\u00ean khoa N\u1ed9i<\/span><\/td>\n<\/tr>\n<tr>\n<td width=\"60\"><span style=\"font-size: 100%;\">Ch\u1ee9c v\u1ee5:<\/span><\/td>\n<td width=\"312\"><span style=\"font-size: 100%;\">Ph\u1ee5 tr\u00e1ch chuy\u00ean m\u00f4n k\u1ef9 thu\u1eadt c\u1ee7a Ph\u00f2ng kh\u00e1m v\u00e0 th\u1ef1c hi\u1ec7n kh\u00e1m ch\u1eefa b\u1ec7nh chuy\u00ean khoa N\u1ed9i<\/span><\/td>\n<\/tr>\n<tr>\n<td width=\"60\"><span style=\"font-size: 100%;\">L\u1ecbch c\u00f4ng t\u00e1c:<\/span><\/td>\n<td width=\"312\"><span style=\"font-size: 100%;\">Th\u1ee9 hai &#8211; ch\u1ee7 nh\u1eadt,<\/span><br \/>\n<span style=\"font-size: 100%;\">L\u00e0m vi\u1ec7c t\u1eeb: 7gi\u1edd 00 \u2013 19 gi\u1edd 30<\/span><\/td>\n<\/tr>\n<\/tbody>\n<\/table>\n<p>Gi\u1edbi thi\u1ec7u:<\/p>\n<p>Trong y h\u1ecdc, n\u1ed9i khoa l\u00e0 thu\u1eadt ng\u1eef d\u00f9ng chung cho c\u00e1c b\u1ec7nh nh\u01b0 c\u1ea5p c\u1ee9u, tim m\u1ea1ch, th\u1ea7n kinh, n\u1ed9i ti\u1ebft, ti\u00eau h\u00f3a \u2013 gan m\u1eadt, th\u1eadn ni\u1ec7u, c\u01a1 x\u01b0\u01a1ng kh\u1edbp, h\u00f4 h\u1ea5p, l\u00e3o khoa,\u2026<\/p>\n<p>Tr\u00ean th\u1ef1c t\u1ebf, ch\u00fang ta th\u01b0\u1eddng g\u1eb7p ph\u1ea3i l\u00e0 m\u1ed9t b\u1ec7nh nh\u00e2n c\u00f3 th\u1ec3 m\u1eafc m\u1ed9t b\u1ec7nh ho\u1eb7c nhi\u1ec1u b\u1ec7nh thu\u1ed9c h\u1ec7 n\u1ed9i, c\u00e1c b\u1ec7nh n\u00e0y c\u00f3 th\u1ec3 t\u01b0\u01a1ng t\u00e1c v\u1edbi nhau g\u00e2y ra c\u00e1c tri\u1ec7u ch\u1ee9ng c\u00f3 th\u1ec3 nh\u1ea7m l\u1eabn v\u1edbi b\u1ec7nh kh\u00e1c n\u1ebfu ng\u01b0\u1eddi b\u00e1c s\u0129 ch\u01b0a c\u00f3 nhi\u1ec1u kinh nghi\u1ec7m (VD: c\u00f9ng m\u1ed9t tri\u1ec7u ch\u1ee9ng \u0111au, nh\u01b0ng c\u00f3 th\u1ec3 c\u00f3 nguy\u00ean nh\u00e2n t\u1eeb b\u1ec7nh c\u01a1 x\u01b0\u01a1ng kh\u1edbp, nh\u01b0ng c\u00f3 th\u1ec3 do th\u1ea7n kinh ngo\u1ea1i vi g\u00e2y ra, c\u0169ng c\u00f3 th\u1ec3 l\u00e0 ti\u1ec1m \u1ea9n c\u1ee7a m\u1ed9t b\u1ec7nh l\u00fd ung th\u01b0,\u2026), v\u00ec v\u1eady b\u00e1c s\u0129 thu\u1ed9c chuy\u00ean khoa n\u1ed9i t\u1ea1i Ph\u00f2ng Kh\u00e1m \u0110a Khoa Qu\u1ed1c T\u1ebf An Ph\u00fa b\u1eaft bu\u1ed9c ph\u1ea3i n\u1eafm v\u1eefng t\u1ea5t c\u1ea3 c\u00e1c chuy\u00ean ng\u00e0nh thu\u1ed9c h\u1ec7 n\u1ed9i, nh\u01b0 v\u1eady khi ra quy\u1ebft \u0111\u1ecbnh \u0111i\u1ec1u tr\u1ecb ho\u1eb7c ch\u1ea9n \u0111o\u00e1n s\u1ebd \u0111\u1ea3m b\u1ea3o to\u00e0n di\u1ec7n v\u00e0 hi\u1ec7u qu\u1ea3 nh\u1ea5t, kh\u00f4ng b\u1ecf s\u00f3t b\u1ec7nh.<\/p>\n<p>B\u00e1c s\u0129 N\u1ed9i khoa \u0111\u01b0\u1ee3c \u0111\u00e0o t\u1ea1o v\u1ec1 ph\u00f2ng v\u00e0 \u0111i\u1ec1u tr\u1ecb c\u00e1c b\u1ec7nh \u1edf ng\u01b0\u1eddi l\u1edbn. \u0110\u1ed9i ng\u0169 b\u00e1c s\u0129 n\u1ed9i khoa c\u1ee7a ch\u00fang t\u00f4i \u0111\u01b0\u1ee3c \u0111\u00e0o t\u1ea1o chuy\u00ean s\u00e2u v\u00e0 lu\u00f4n c\u00f9ng h\u1ee3p t\u00e1c \u0111\u1ec3 cung c\u1ea5p d\u1ecbch v\u1ee5 ch\u0103m s\u00f3c to\u00e0n di\u1ec7n cho ng\u01b0\u1eddi l\u1edbn, qua \u0111\u00f3 c\u00f3 th\u1ec3 \u0111\u00e1nh gi\u00e1 v\u00e0 \u0111i\u1ec1u tr\u1ecb nhi\u1ec1u b\u1ec7nh l\u00fd t\u1eeb \u0111\u01a1n gi\u1ea3n \u0111\u1ebfn ph\u1ee9c t\u1ea1p. Nh\u1eb1m h\u01b0\u1edbng t\u1edbi m\u1ed9t c\u1ed9ng \u0111\u1ed3ng kh\u1ecfe m\u1ea1nh, c\u00e1c b\u00e1c s\u0129 ch\u00fang t\u00f4i lu\u00f4n l\u1eafng nghe v\u00e0 chia s\u1ebb v\u1edbi t\u1ea5t c\u1ea3 b\u1ec7nh nh\u00e2n ng\u01b0\u1eddi l\u1edbn<\/p>\n<p><img loading=\"lazy\" decoding=\"async\" class=\"size-full wp-image-704 aligncenter\" src=\"http:\/\/pkanphu.com\/wp-content\/uploads\/2018\/09\/noi-khoa.jpg\" alt=\"\" width=\"439\" height=\"333\" \/><\/p>\n","protected":false},"excerpt":{"rendered":"<p>B\u00e1c s\u0129 ph\u1ee5 tr\u00e1ch: BS.CKI Nguy\u1ec5n V\u0103n C\u01b0\u01a1ng CCHN: 0015295\/BYT-CCHN Chuy\u00ean m\u00f4n: Kh\u00e1m b\u1ec7nh, ch\u1eefa b\u00eanh chuy\u00ean khoa N\u1ed9i Ch\u1ee9c v\u1ee5: Ph\u1ee5 tr\u00e1ch chuy\u00ean m\u00f4n k\u1ef9 thu\u1eadt c\u1ee7a Ph\u00f2ng kh\u00e1m v\u00e0 th\u1ef1c hi\u1ec7n kh\u00e1m ch\u1eefa b\u1ec7nh chuy\u00ean khoa N\u1ed9i L\u1ecbch c\u00f4ng t\u00e1c: Th\u1ee9 hai &#8211; ch\u1ee7 nh\u1eadt, L\u00e0m vi\u1ec7c t\u1eeb: 7gi\u1edd 00 \u2013 19 gi\u1edd &#8230;<\/p>\n","protected":false},"author":1,"featured_media":0,"parent":0,"menu_order":0,"comment_status":"closed","ping_status":"closed","template":"","meta":{"footnotes":""},"class_list":["post-703","page","type-page","status-publish","hentry"],"yoast_head":"<!-- This site is optimized with the Yoast SEO plugin v21.6 - https:\/\/yoast.com\/wordpress\/plugins\/seo\/ -->\n<title>Khoa N\u1ed9i - Ph\u00f2ng Kh\u00e1m \u0110a Khoa Qu\u1ed1c T\u1ebf An Ph\u00fa<\/title>\n<meta name=\"description\" content=\"B\u00e1c s\u0129 N\u1ed9i khoa \u0111\u01b0\u1ee3c \u0111\u00e0o t\u1ea1o v\u1ec1 ph\u00f2ng v\u00e0 \u0111i\u1ec1u tr\u1ecb c\u00e1c b\u1ec7nh \u1edf ng\u01b0\u1eddi l\u1edbn. \u0110\u1ed9i ng\u0169 b\u00e1c s\u0129 n\u1ed9i khoa c\u1ee7a ch\u00fang t\u00f4i \u0111\u01b0\u1ee3c \u0111\u00e0o t\u1ea1o chuy\u00ean s\u00e2u v\u00e0 lu\u00f4n c\u00f9ng h\u1ee3p t\u00e1c \u0111\u1ec3 cung c\u1ea5p d\u1ecbch v\u1ee5 ch\u0103m s\u00f3c to\u00e0n di\u1ec7n cho ng\u01b0\u1eddi l\u1edbn, qua \u0111\u00f3 c\u00f3 th\u1ec3 \u0111\u00e1nh gi\u00e1 v\u00e0 \u0111i\u1ec1u tr\u1ecb nhi\u1ec1u b\u1ec7nh l\u00fd t\u1eeb \u0111\u01a1n gi\u1ea3n \u0111\u1ebfn ph\u1ee9c t\u1ea1p\" \/>\n<meta name=\"robots\" content=\"index, follow, max-snippet:-1, max-image-preview:large, max-video-preview:-1\" \/>\n<link rel=\"canonical\" href=\"https:\/\/pkanphu.com\/?page_id=703\" \/>\n<meta property=\"og:locale\" content=\"vi_VN\" \/>\n<meta property=\"og:type\" content=\"article\" \/>\n<meta property=\"og:title\" content=\"Khoa N\u1ed9i - Ph\u00f2ng Kh\u00e1m \u0110a Khoa Qu\u1ed1c T\u1ebf An Ph\u00fa\" \/>\n<meta property=\"og:description\" content=\"B\u00e1c s\u0129 N\u1ed9i khoa \u0111\u01b0\u1ee3c \u0111\u00e0o t\u1ea1o v\u1ec1 ph\u00f2ng v\u00e0 \u0111i\u1ec1u tr\u1ecb c\u00e1c b\u1ec7nh \u1edf ng\u01b0\u1eddi l\u1edbn. \u0110\u1ed9i ng\u0169 b\u00e1c s\u0129 n\u1ed9i khoa c\u1ee7a ch\u00fang t\u00f4i \u0111\u01b0\u1ee3c \u0111\u00e0o t\u1ea1o chuy\u00ean s\u00e2u v\u00e0 lu\u00f4n c\u00f9ng h\u1ee3p t\u00e1c \u0111\u1ec3 cung c\u1ea5p d\u1ecbch v\u1ee5 ch\u0103m s\u00f3c to\u00e0n di\u1ec7n cho ng\u01b0\u1eddi l\u1edbn, qua \u0111\u00f3 c\u00f3 th\u1ec3 \u0111\u00e1nh gi\u00e1 v\u00e0 \u0111i\u1ec1u tr\u1ecb nhi\u1ec1u b\u1ec7nh l\u00fd t\u1eeb \u0111\u01a1n gi\u1ea3n \u0111\u1ebfn ph\u1ee9c t\u1ea1p\" \/>\n<meta property=\"og:url\" content=\"https:\/\/pkanphu.com\/?page_id=703\" \/>\n<meta property=\"og:site_name\" content=\"Ph\u00f2ng Kh\u00e1m \u0110a Khoa Qu\u1ed1c T\u1ebf An Ph\u00fa\" \/>\n<meta property=\"article:modified_time\" content=\"2023-12-05T04:21:58+00:00\" \/>\n<meta property=\"og:image\" content=\"http:\/\/pkanphu.com\/wp-content\/uploads\/2018\/09\/noi-khoa.jpg\" \/>\n<meta name=\"twitter:card\" content=\"summary_large_image\" \/>\n<meta name=\"twitter:label1\" content=\"\u01af\u1edbc t\u00ednh th\u1eddi gian \u0111\u1ecdc\" \/>\n\t<meta name=\"twitter:data1\" content=\"2 ph\u00fat\" \/>\n<script type=\"application\/ld+json\" class=\"yoast-schema-graph\">{\"@context\":\"https:\/\/schema.org\",\"@graph\":[{\"@type\":\"WebPage\",\"@id\":\"https:\/\/pkanphu.com\/?page_id=703\",\"url\":\"https:\/\/pkanphu.com\/?page_id=703\",\"name\":\"Khoa N\u1ed9i - Ph\u00f2ng Kh\u00e1m \u0110a Khoa Qu\u1ed1c T\u1ebf An Ph\u00fa\",\"isPartOf\":{\"@id\":\"https:\/\/pkanphu.com\/#website\"},\"datePublished\":\"2018-09-23T14:25:54+00:00\",\"dateModified\":\"2023-12-05T04:21:58+00:00\",\"description\":\"B\u00e1c s\u0129 N\u1ed9i khoa \u0111\u01b0\u1ee3c \u0111\u00e0o t\u1ea1o v\u1ec1 ph\u00f2ng v\u00e0 \u0111i\u1ec1u tr\u1ecb c\u00e1c b\u1ec7nh \u1edf ng\u01b0\u1eddi l\u1edbn. \u0110\u1ed9i ng\u0169 b\u00e1c s\u0129 n\u1ed9i khoa c\u1ee7a ch\u00fang t\u00f4i \u0111\u01b0\u1ee3c \u0111\u00e0o t\u1ea1o chuy\u00ean s\u00e2u v\u00e0 lu\u00f4n c\u00f9ng h\u1ee3p t\u00e1c \u0111\u1ec3 cung c\u1ea5p d\u1ecbch v\u1ee5 ch\u0103m s\u00f3c to\u00e0n di\u1ec7n cho ng\u01b0\u1eddi l\u1edbn, qua \u0111\u00f3 c\u00f3 th\u1ec3 \u0111\u00e1nh gi\u00e1 v\u00e0 \u0111i\u1ec1u tr\u1ecb nhi\u1ec1u b\u1ec7nh l\u00fd t\u1eeb \u0111\u01a1n gi\u1ea3n \u0111\u1ebfn ph\u1ee9c t\u1ea1p\",\"breadcrumb\":{\"@id\":\"https:\/\/pkanphu.com\/?page_id=703#breadcrumb\"},\"inLanguage\":\"vi\",\"potentialAction\":[{\"@type\":\"ReadAction\",\"target\":[\"https:\/\/pkanphu.com\/?page_id=703\"]}]},{\"@type\":\"BreadcrumbList\",\"@id\":\"https:\/\/pkanphu.com\/?page_id=703#breadcrumb\",\"itemListElement\":[{\"@type\":\"ListItem\",\"position\":1,\"name\":\"Home\",\"item\":\"https:\/\/pkanphu.com\/\"},{\"@type\":\"ListItem\",\"position\":2,\"name\":\"Khoa N\u1ed9i\"}]},{\"@type\":\"WebSite\",\"@id\":\"https:\/\/pkanphu.com\/#website\",\"url\":\"https:\/\/pkanphu.com\/\",\"name\":\"Ph\u00f2ng Kh\u00e1m \u0110a Khoa Qu\u1ed1c T\u1ebf An Ph\u00fa\",\"description\":\"\",\"potentialAction\":[{\"@type\":\"SearchAction\",\"target\":{\"@type\":\"EntryPoint\",\"urlTemplate\":\"https:\/\/pkanphu.com\/?s={search_term_string}\"},\"query-input\":\"required name=search_term_string\"}],\"inLanguage\":\"vi\"}]}<\/script>\n<!-- \/ Yoast SEO plugin. -->","yoast_head_json":{"title":"Khoa N\u1ed9i - Ph\u00f2ng Kh\u00e1m \u0110a Khoa Qu\u1ed1c T\u1ebf An Ph\u00fa","description":"B\u00e1c s\u0129 N\u1ed9i khoa \u0111\u01b0\u1ee3c \u0111\u00e0o t\u1ea1o v\u1ec1 ph\u00f2ng v\u00e0 \u0111i\u1ec1u tr\u1ecb c\u00e1c b\u1ec7nh \u1edf ng\u01b0\u1eddi l\u1edbn. \u0110\u1ed9i ng\u0169 b\u00e1c s\u0129 n\u1ed9i khoa c\u1ee7a ch\u00fang t\u00f4i \u0111\u01b0\u1ee3c \u0111\u00e0o t\u1ea1o chuy\u00ean s\u00e2u v\u00e0 lu\u00f4n c\u00f9ng h\u1ee3p t\u00e1c \u0111\u1ec3 cung c\u1ea5p d\u1ecbch v\u1ee5 ch\u0103m s\u00f3c to\u00e0n di\u1ec7n cho ng\u01b0\u1eddi l\u1edbn, qua \u0111\u00f3 c\u00f3 th\u1ec3 \u0111\u00e1nh gi\u00e1 v\u00e0 \u0111i\u1ec1u tr\u1ecb nhi\u1ec1u b\u1ec7nh l\u00fd t\u1eeb \u0111\u01a1n gi\u1ea3n \u0111\u1ebfn ph\u1ee9c t\u1ea1p","robots":{"index":"index","follow":"follow","max-snippet":"max-snippet:-1","max-image-preview":"max-image-preview:large","max-video-preview":"max-video-preview:-1"},"canonical":"https:\/\/pkanphu.com\/?page_id=703","og_locale":"vi_VN","og_type":"article","og_title":"Khoa N\u1ed9i - Ph\u00f2ng Kh\u00e1m \u0110a Khoa Qu\u1ed1c T\u1ebf An Ph\u00fa","og_description":"B\u00e1c s\u0129 N\u1ed9i khoa \u0111\u01b0\u1ee3c \u0111\u00e0o t\u1ea1o v\u1ec1 ph\u00f2ng v\u00e0 \u0111i\u1ec1u tr\u1ecb c\u00e1c b\u1ec7nh \u1edf ng\u01b0\u1eddi l\u1edbn. \u0110\u1ed9i ng\u0169 b\u00e1c s\u0129 n\u1ed9i khoa c\u1ee7a ch\u00fang t\u00f4i \u0111\u01b0\u1ee3c \u0111\u00e0o t\u1ea1o chuy\u00ean s\u00e2u v\u00e0 lu\u00f4n c\u00f9ng h\u1ee3p t\u00e1c \u0111\u1ec3 cung c\u1ea5p d\u1ecbch v\u1ee5 ch\u0103m s\u00f3c to\u00e0n di\u1ec7n cho ng\u01b0\u1eddi l\u1edbn, qua \u0111\u00f3 c\u00f3 th\u1ec3 \u0111\u00e1nh gi\u00e1 v\u00e0 \u0111i\u1ec1u tr\u1ecb nhi\u1ec1u b\u1ec7nh l\u00fd t\u1eeb \u0111\u01a1n gi\u1ea3n \u0111\u1ebfn ph\u1ee9c t\u1ea1p","og_url":"https:\/\/pkanphu.com\/?page_id=703","og_site_name":"Ph\u00f2ng Kh\u00e1m \u0110a Khoa Qu\u1ed1c T\u1ebf An Ph\u00fa","article_modified_time":"2023-12-05T04:21:58+00:00","og_image":[{"url":"http:\/\/pkanphu.com\/wp-content\/uploads\/2018\/09\/noi-khoa.jpg"}],"twitter_card":"summary_large_image","twitter_misc":{"\u01af\u1edbc t\u00ednh th\u1eddi gian \u0111\u1ecdc":"2 ph\u00fat"},"schema":{"@context":"https:\/\/schema.org","@graph":[{"@type":"WebPage","@id":"https:\/\/pkanphu.com\/?page_id=703","url":"https:\/\/pkanphu.com\/?page_id=703","name":"Khoa N\u1ed9i - Ph\u00f2ng Kh\u00e1m \u0110a Khoa Qu\u1ed1c T\u1ebf An Ph\u00fa","isPartOf":{"@id":"https:\/\/pkanphu.com\/#website"},"datePublished":"2018-09-23T14:25:54+00:00","dateModified":"2023-12-05T04:21:58+00:00","description":"B\u00e1c s\u0129 N\u1ed9i khoa \u0111\u01b0\u1ee3c \u0111\u00e0o t\u1ea1o v\u1ec1 ph\u00f2ng v\u00e0 \u0111i\u1ec1u tr\u1ecb c\u00e1c b\u1ec7nh \u1edf ng\u01b0\u1eddi l\u1edbn. \u0110\u1ed9i ng\u0169 b\u00e1c s\u0129 n\u1ed9i khoa c\u1ee7a ch\u00fang t\u00f4i \u0111\u01b0\u1ee3c \u0111\u00e0o t\u1ea1o chuy\u00ean s\u00e2u v\u00e0 lu\u00f4n c\u00f9ng h\u1ee3p t\u00e1c \u0111\u1ec3 cung c\u1ea5p d\u1ecbch v\u1ee5 ch\u0103m s\u00f3c to\u00e0n di\u1ec7n cho ng\u01b0\u1eddi l\u1edbn, qua \u0111\u00f3 c\u00f3 th\u1ec3 \u0111\u00e1nh gi\u00e1 v\u00e0 \u0111i\u1ec1u tr\u1ecb nhi\u1ec1u b\u1ec7nh l\u00fd t\u1eeb \u0111\u01a1n gi\u1ea3n \u0111\u1ebfn ph\u1ee9c t\u1ea1p","breadcrumb":{"@id":"https:\/\/pkanphu.com\/?page_id=703#breadcrumb"},"inLanguage":"vi","potentialAction":[{"@type":"ReadAction","target":["https:\/\/pkanphu.com\/?page_id=703"]}]},{"@type":"BreadcrumbList","@id":"https:\/\/pkanphu.com\/?page_id=703#breadcrumb","itemListElement":[{"@type":"ListItem","position":1,"name":"Home","item":"https:\/\/pkanphu.com\/"},{"@type":"ListItem","position":2,"name":"Khoa N\u1ed9i"}]},{"@type":"WebSite","@id":"https:\/\/pkanphu.com\/#website","url":"https:\/\/pkanphu.com\/","name":"Ph\u00f2ng Kh\u00e1m \u0110a Khoa Qu\u1ed1c T\u1ebf An Ph\u00fa","description":"","potentialAction":[{"@type":"SearchAction","target":{"@type":"EntryPoint","urlTemplate":"https:\/\/pkanphu.com\/?s={search_term_string}"},"query-input":"required name=search_term_string"}],"inLanguage":"vi"}]}},"_links":{"self":[{"href":"https:\/\/pkanphu.com\/index.php?rest_route=\/wp\/v2\/pages\/703","targetHints":{"allow":["GET"]}}],"collection":[{"href":"https:\/\/pkanphu.com\/index.php?rest_route=\/wp\/v2\/pages"}],"about":[{"href":"https:\/\/pkanphu.com\/index.php?rest_route=\/wp\/v2\/types\/page"}],"author":[{"embeddable":true,"href":"https:\/\/pkanphu.com\/index.php?rest_route=\/wp\/v2\/users\/1"}],"replies":[{"embeddable":true,"href":"https:\/\/pkanphu.com\/index.php?rest_route=%2Fwp%2Fv2%2Fcomments&post=703"}],"version-history":[{"count":8,"href":"https:\/\/pkanphu.com\/index.php?rest_route=\/wp\/v2\/pages\/703\/revisions"}],"predecessor-version":[{"id":1334,"href":"https:\/\/pkanphu.com\/index.php?rest_route=\/wp\/v2\/pages\/703\/revisions\/1334"}],"wp:attachment":[{"href":"https:\/\/pkanphu.com\/index.php?rest_route=%2Fwp%2Fv2%2Fmedia&parent=703"}],"curies":[{"name":"wp","href":"https:\/\/api.w.org\/{rel}","templated":true}]}}