{"id":699,"date":"2018-09-23T21:20:29","date_gmt":"2018-09-23T14:20:29","guid":{"rendered":"http:\/\/pkanphu.com\/?page_id=699"},"modified":"2023-12-05T11:24:34","modified_gmt":"2023-12-05T04:24:34","slug":"khoa-nhi","status":"publish","type":"page","link":"https:\/\/pkanphu.com\/?page_id=699","title":{"rendered":"Khoa Nhi"},"content":{"rendered":"<table border=\"1px\">\n<tbody>\n<tr>\n<td width=\"60\">B\u00e1c s\u0129 ph\u1ee5 tr\u00e1ch:<\/td>\n<td width=\"312\">BS.CKI L\u00ea Th\u1ecb \u00c1nh Tuy\u1ebft<\/td>\n<\/tr>\n<tr>\n<td width=\"60\">CCHN:<\/td>\n<td width=\"312\">002350\/HCM-CCHN<\/td>\n<\/tr>\n<tr>\n<td width=\"60\">Chuy\u00ean m\u00f4n:<\/td>\n<td width=\"312\">Kh\u00e1m b\u1ec7nh, ch\u1eefa b\u00eanh chuy\u00ean khoa Nhi<\/td>\n<\/tr>\n<tr>\n<td width=\"60\">Ch\u1ee9c v\u1ee5:<\/td>\n<td width=\"312\">Ng\u01b0\u1eddi ph\u1ee5 tr\u00e1ch chuy\u00ean khoa v\u00e0 th\u1ef1c hi\u1ec7n kh\u00e1m ch\u1eefa b\u1ec7nh chuy\u00ean khoa Nhi<\/td>\n<\/tr>\n<tr>\n<td width=\"60\">L\u1ecbch c\u00f4ng t\u00e1c:<\/td>\n<td width=\"312\">Th\u1ee9 hai &#8211; ch\u1ee7 nh\u1eadt,<br \/>\nL\u00e0m vi\u1ec7c t\u1eeb: 7gi\u1edd 00 \u2013 19 gi\u1edd 30<\/td>\n<\/tr>\n<\/tbody>\n<\/table>\n<p>Gi\u1edbi thi\u1ec7u:<\/p>\n<p class=\"p1\">C\u00e1c b\u1ec7nh nhi lu\u00f4n c\u1ea7n s\u1ef1 ch\u0103m s\u00f3c y t\u1ebf \u0111\u1eb7c bi\u1ec7t. T\u1ea1i Ph\u00f2ng Kh\u00e1m \u0110a Khoa Qu\u1ed1c t\u1ebf An Ph\u00fa, ch\u00fang t\u00f4i th\u1ea5u hi\u1ec3u \u0111i\u1ec1u n\u00e0y n\u00ean vi\u1ec7c ch\u0103m s\u00f3c b\u1ec7nh nhi lu\u00f4n l\u00e0 \u01b0u ti\u00ean h\u00e0ng \u0111\u1ea7u trong su\u1ed1t nh\u1eefng n\u0103m qua. \u0110\u1ed9i ng\u0169 c\u00e1c b\u00e1c s\u0129 Nhi \u0110\u1ed3ng 2<span class=\"Apple-converted-space\">\u00a0\u00a0<\/span>nhi\u1ec1u kinh nghi\u1ec7m lu\u00f4n ph\u1ed1i h\u1ee3p l\u00e0m vi\u1ec7c \u0111\u1ec3 cung c\u1ea5p d\u1ecbch v\u1ee5 y t\u1ebf nhi khoa ti\u00eau chu\u1ea9n cao, \u0111\u1ea3m b\u1ea3o c\u00e1c b\u1ec7nh nhi \u0111\u01b0\u1ee3c ch\u0103m s\u00f3c trong m\u1ed9t m\u00f4i tr\u01b0\u1eddng g\u1ea7n g\u0169i v\u00e0 th\u00e2n thi\u1ec7n.<\/p>\n<p class=\"p2\">D\u1ecbch v\u1ee5 Nhi Khoa c\u1ee7a ch\u00fang t\u00f4i bao g\u1ed3m:<\/p>\n<ul class=\"ul1\">\n<li class=\"li2\">Kh\u00e1m Nhi t\u1ed5ng qu\u00e1t<\/li>\n<li class=\"li2\">Kh\u00e1m chuy\u00ean s\u00e2u s\u01a1 sinh<\/li>\n<li class=\"li2\">Kh\u00e1m chuy\u00ean s\u00e2u v\u1ec1 h\u00f4 h\u1ea5p, n\u1ed9i ti\u1ebft, ti\u00eau h\u00f3a, da li\u1ec5u<\/li>\n<li class=\"li2\">T\u01b0 v\u1ea5n dinh d\u01b0\u1ee1ng, d\u1eady th\u00ec s\u1edbm, l\u00f9n b\u1ec7nh l\u00fd \u2026..<\/li>\n<\/ul>\n<p class=\"p2\">\u0110\u1ebfn v\u1edbi Ph\u00f2ng Kh\u00e1m \u0110a Khoa Qu\u1ed1c t\u1ebf An Ph\u00fa c\u00e1c b\u00e1c s\u0129 s\u1ebd t\u01b0 v\u1ea5n h\u01b0\u1edbng d\u1eabn cho c\u00e1c b\u1eadc ph\u1ee5 huynh nh\u1eefng ph\u00e1p \u0111\u1ed3 \u0111i\u1ec1u tr\u1ecb hi\u1ec7u qu\u1ea3 an to\u00e0n nh\u1ea5t cho c\u00e1c con. Quan tr\u1ecdng nh\u1ea5t l\u00e0 \u0111i\u1ec1u tr\u1ecb h\u1ea1n ch\u1ebf d\u00f9ng kh\u00e1ng sinh, kh\u00e1ng vi\u00eam m\u1ea1nh v\u00e0 lu\u00f4n t\u00f4n tr\u1ecdng s\u1ee9c \u0111\u1ec1 kh\u00e1ng t\u1ef1 nhi\u00ean c\u1ee7a tr\u1ebb.<\/p>\n<p class=\"p2\">Quy\u1ebft \u0111\u1ecbnh c\u00f3 con l\u00e0 kh\u1edfi \u0111\u1ea7u c\u1ee7a m\u1ed9t trong nh\u1eefng tr\u1ea3i nghi\u1ec7m th\u00fa v\u1ecb v\u00e0 h\u1ea1nh ph\u00fac nh\u1ea5t trong cu\u1ed9c s\u1ed1ng c\u1ee7a ch\u00fang ta. Ch\u00fang t\u00f4i cung c\u1ea5p d\u1ecbch v\u1ee5 ch\u0103m s\u00f3c, \u0111i\u1ec1u tr\u1ecb nhi khoa cho tr\u1ebb s\u01a1 sinh, \u0111\u1ed3ng th\u1eddi ch\u00fang t\u00f4i c\u0169ng t\u1ed5 ch\u1ee9c nh\u1eefng chuy\u00ean \u0111\u1ec1 ch\u0103m s\u00f3c cho tr\u1ebb trong t\u1eebng giai \u0111o\u1ea1n, t\u1eebng th\u1eddi \u0111i\u1ec3m giao m\u00f9a \u0111\u1ec3 c\u00e1c b\u1eadc ph\u1ee5 huynh c\u00f3 th\u1ec3 n\u1eafm v\u1eefng nhi\u1ec1u ki\u1ebfn th\u1ee9c ch\u0103m s\u00f3c cho tr\u1ebb.<\/p>\n<p><img loading=\"lazy\" decoding=\"async\" class=\"size-full wp-image-700 aligncenter\" src=\"http:\/\/pkanphu.com\/wp-content\/uploads\/2018\/09\/khoa-nhi.jpg\" alt=\"\" width=\"600\" height=\"275\" \/><\/p>\n","protected":false},"excerpt":{"rendered":"<p>B\u00e1c s\u0129 ph\u1ee5 tr\u00e1ch: BS.CKI L\u00ea Th\u1ecb \u00c1nh Tuy\u1ebft CCHN: 002350\/HCM-CCHN Chuy\u00ean m\u00f4n: Kh\u00e1m b\u1ec7nh, ch\u1eefa b\u00eanh chuy\u00ean khoa Nhi Ch\u1ee9c v\u1ee5: Ng\u01b0\u1eddi ph\u1ee5 tr\u00e1ch chuy\u00ean khoa v\u00e0 th\u1ef1c hi\u1ec7n kh\u00e1m ch\u1eefa b\u1ec7nh chuy\u00ean khoa Nhi L\u1ecbch c\u00f4ng t\u00e1c: Th\u1ee9 hai &#8211; ch\u1ee7 nh\u1eadt, L\u00e0m vi\u1ec7c t\u1eeb: 7gi\u1edd 00 \u2013 19 gi\u1edd 30 Gi\u1edbi thi\u1ec7u: &#8230;<\/p>\n","protected":false},"author":1,"featured_media":0,"parent":0,"menu_order":0,"comment_status":"closed","ping_status":"closed","template":"","meta":{"footnotes":""},"class_list":["post-699","page","type-page","status-publish","hentry"],"yoast_head":"<!-- This site is optimized with the Yoast SEO plugin v21.6 - https:\/\/yoast.com\/wordpress\/plugins\/seo\/ -->\n<title>Khoa Nhi - Ph\u00f2ng Kh\u00e1m \u0110a Khoa Qu\u1ed1c T\u1ebf An Ph\u00fa<\/title>\n<meta name=\"description\" content=\"D\u1ecbch v\u1ee5 Khoa Nhi c\u1ee7a ch\u00fang t\u00f4i bao g\u1ed3m: Kh\u00e1m Nhi t\u1ed5ng qu\u00e1t Kh\u00e1m chuy\u00ean s\u00e2u s\u01a1 sinhKh\u00e1m chuy\u00ean s\u00e2u v\u1ec1 h\u00f4 h\u1ea5p, n\u1ed9i ti\u1ebft, ti\u00eau h\u00f3a, da li\u1ec5u...\" \/>\n<meta name=\"robots\" content=\"index, follow, max-snippet:-1, max-image-preview:large, max-video-preview:-1\" \/>\n<link rel=\"canonical\" href=\"https:\/\/pkanphu.com\/?page_id=699\" \/>\n<meta property=\"og:locale\" content=\"vi_VN\" \/>\n<meta property=\"og:type\" content=\"article\" \/>\n<meta property=\"og:title\" content=\"Khoa Nhi - Ph\u00f2ng Kh\u00e1m \u0110a Khoa Qu\u1ed1c T\u1ebf An Ph\u00fa\" \/>\n<meta property=\"og:description\" content=\"D\u1ecbch v\u1ee5 Khoa Nhi c\u1ee7a ch\u00fang t\u00f4i bao g\u1ed3m: Kh\u00e1m Nhi t\u1ed5ng qu\u00e1t Kh\u00e1m chuy\u00ean s\u00e2u s\u01a1 sinhKh\u00e1m chuy\u00ean s\u00e2u v\u1ec1 h\u00f4 h\u1ea5p, n\u1ed9i ti\u1ebft, ti\u00eau h\u00f3a, da li\u1ec5u...\" \/>\n<meta property=\"og:url\" content=\"https:\/\/pkanphu.com\/?page_id=699\" \/>\n<meta property=\"og:site_name\" content=\"Ph\u00f2ng Kh\u00e1m \u0110a Khoa Qu\u1ed1c T\u1ebf An Ph\u00fa\" \/>\n<meta property=\"article:modified_time\" content=\"2023-12-05T04:24:34+00:00\" \/>\n<meta property=\"og:image\" content=\"http:\/\/pkanphu.com\/wp-content\/uploads\/2018\/09\/khoa-nhi.jpg\" \/>\n<meta name=\"twitter:card\" content=\"summary_large_image\" \/>\n<meta name=\"twitter:label1\" content=\"\u01af\u1edbc t\u00ednh th\u1eddi gian \u0111\u1ecdc\" \/>\n\t<meta name=\"twitter:data1\" content=\"2 ph\u00fat\" \/>\n<script type=\"application\/ld+json\" class=\"yoast-schema-graph\">{\"@context\":\"https:\/\/schema.org\",\"@graph\":[{\"@type\":\"WebPage\",\"@id\":\"https:\/\/pkanphu.com\/?page_id=699\",\"url\":\"https:\/\/pkanphu.com\/?page_id=699\",\"name\":\"Khoa Nhi - Ph\u00f2ng Kh\u00e1m \u0110a Khoa Qu\u1ed1c T\u1ebf An Ph\u00fa\",\"isPartOf\":{\"@id\":\"https:\/\/pkanphu.com\/#website\"},\"datePublished\":\"2018-09-23T14:20:29+00:00\",\"dateModified\":\"2023-12-05T04:24:34+00:00\",\"description\":\"D\u1ecbch v\u1ee5 Khoa Nhi c\u1ee7a ch\u00fang t\u00f4i bao g\u1ed3m: Kh\u00e1m Nhi t\u1ed5ng qu\u00e1t Kh\u00e1m chuy\u00ean s\u00e2u s\u01a1 sinhKh\u00e1m chuy\u00ean s\u00e2u v\u1ec1 h\u00f4 h\u1ea5p, n\u1ed9i ti\u1ebft, ti\u00eau h\u00f3a, da li\u1ec5u...\",\"breadcrumb\":{\"@id\":\"https:\/\/pkanphu.com\/?page_id=699#breadcrumb\"},\"inLanguage\":\"vi\",\"potentialAction\":[{\"@type\":\"ReadAction\",\"target\":[\"https:\/\/pkanphu.com\/?page_id=699\"]}]},{\"@type\":\"BreadcrumbList\",\"@id\":\"https:\/\/pkanphu.com\/?page_id=699#breadcrumb\",\"itemListElement\":[{\"@type\":\"ListItem\",\"position\":1,\"name\":\"Home\",\"item\":\"https:\/\/pkanphu.com\/\"},{\"@type\":\"ListItem\",\"position\":2,\"name\":\"Khoa Nhi\"}]},{\"@type\":\"WebSite\",\"@id\":\"https:\/\/pkanphu.com\/#website\",\"url\":\"https:\/\/pkanphu.com\/\",\"name\":\"Ph\u00f2ng Kh\u00e1m \u0110a Khoa Qu\u1ed1c T\u1ebf An Ph\u00fa\",\"description\":\"\",\"potentialAction\":[{\"@type\":\"SearchAction\",\"target\":{\"@type\":\"EntryPoint\",\"urlTemplate\":\"https:\/\/pkanphu.com\/?s={search_term_string}\"},\"query-input\":\"required name=search_term_string\"}],\"inLanguage\":\"vi\"}]}<\/script>\n<!-- \/ Yoast SEO plugin. -->","yoast_head_json":{"title":"Khoa Nhi - Ph\u00f2ng Kh\u00e1m \u0110a Khoa Qu\u1ed1c T\u1ebf An Ph\u00fa","description":"D\u1ecbch v\u1ee5 Khoa Nhi c\u1ee7a ch\u00fang t\u00f4i bao g\u1ed3m: Kh\u00e1m Nhi t\u1ed5ng qu\u00e1t Kh\u00e1m chuy\u00ean s\u00e2u s\u01a1 sinhKh\u00e1m chuy\u00ean s\u00e2u v\u1ec1 h\u00f4 h\u1ea5p, n\u1ed9i ti\u1ebft, ti\u00eau h\u00f3a, da li\u1ec5u...","robots":{"index":"index","follow":"follow","max-snippet":"max-snippet:-1","max-image-preview":"max-image-preview:large","max-video-preview":"max-video-preview:-1"},"canonical":"https:\/\/pkanphu.com\/?page_id=699","og_locale":"vi_VN","og_type":"article","og_title":"Khoa Nhi - Ph\u00f2ng Kh\u00e1m \u0110a Khoa Qu\u1ed1c T\u1ebf An Ph\u00fa","og_description":"D\u1ecbch v\u1ee5 Khoa Nhi c\u1ee7a ch\u00fang t\u00f4i bao g\u1ed3m: Kh\u00e1m Nhi t\u1ed5ng qu\u00e1t Kh\u00e1m chuy\u00ean s\u00e2u s\u01a1 sinhKh\u00e1m chuy\u00ean s\u00e2u v\u1ec1 h\u00f4 h\u1ea5p, n\u1ed9i ti\u1ebft, ti\u00eau h\u00f3a, da li\u1ec5u...","og_url":"https:\/\/pkanphu.com\/?page_id=699","og_site_name":"Ph\u00f2ng Kh\u00e1m \u0110a Khoa Qu\u1ed1c T\u1ebf An Ph\u00fa","article_modified_time":"2023-12-05T04:24:34+00:00","og_image":[{"url":"http:\/\/pkanphu.com\/wp-content\/uploads\/2018\/09\/khoa-nhi.jpg"}],"twitter_card":"summary_large_image","twitter_misc":{"\u01af\u1edbc t\u00ednh th\u1eddi gian \u0111\u1ecdc":"2 ph\u00fat"},"schema":{"@context":"https:\/\/schema.org","@graph":[{"@type":"WebPage","@id":"https:\/\/pkanphu.com\/?page_id=699","url":"https:\/\/pkanphu.com\/?page_id=699","name":"Khoa Nhi - Ph\u00f2ng Kh\u00e1m \u0110a Khoa Qu\u1ed1c T\u1ebf An Ph\u00fa","isPartOf":{"@id":"https:\/\/pkanphu.com\/#website"},"datePublished":"2018-09-23T14:20:29+00:00","dateModified":"2023-12-05T04:24:34+00:00","description":"D\u1ecbch v\u1ee5 Khoa Nhi c\u1ee7a ch\u00fang t\u00f4i bao g\u1ed3m: Kh\u00e1m Nhi t\u1ed5ng qu\u00e1t Kh\u00e1m chuy\u00ean s\u00e2u s\u01a1 sinhKh\u00e1m chuy\u00ean s\u00e2u v\u1ec1 h\u00f4 h\u1ea5p, n\u1ed9i ti\u1ebft, ti\u00eau h\u00f3a, da li\u1ec5u...","breadcrumb":{"@id":"https:\/\/pkanphu.com\/?page_id=699#breadcrumb"},"inLanguage":"vi","potentialAction":[{"@type":"ReadAction","target":["https:\/\/pkanphu.com\/?page_id=699"]}]},{"@type":"BreadcrumbList","@id":"https:\/\/pkanphu.com\/?page_id=699#breadcrumb","itemListElement":[{"@type":"ListItem","position":1,"name":"Home","item":"https:\/\/pkanphu.com\/"},{"@type":"ListItem","position":2,"name":"Khoa Nhi"}]},{"@type":"WebSite","@id":"https:\/\/pkanphu.com\/#website","url":"https:\/\/pkanphu.com\/","name":"Ph\u00f2ng Kh\u00e1m \u0110a Khoa Qu\u1ed1c T\u1ebf An Ph\u00fa","description":"","potentialAction":[{"@type":"SearchAction","target":{"@type":"EntryPoint","urlTemplate":"https:\/\/pkanphu.com\/?s={search_term_string}"},"query-input":"required name=search_term_string"}],"inLanguage":"vi"}]}},"_links":{"self":[{"href":"https:\/\/pkanphu.com\/index.php?rest_route=\/wp\/v2\/pages\/699","targetHints":{"allow":["GET"]}}],"collection":[{"href":"https:\/\/pkanphu.com\/index.php?rest_route=\/wp\/v2\/pages"}],"about":[{"href":"https:\/\/pkanphu.com\/index.php?rest_route=\/wp\/v2\/types\/page"}],"author":[{"embeddable":true,"href":"https:\/\/pkanphu.com\/index.php?rest_route=\/wp\/v2\/users\/1"}],"replies":[{"embeddable":true,"href":"https:\/\/pkanphu.com\/index.php?rest_route=%2Fwp%2Fv2%2Fcomments&post=699"}],"version-history":[{"count":4,"href":"https:\/\/pkanphu.com\/index.php?rest_route=\/wp\/v2\/pages\/699\/revisions"}],"predecessor-version":[{"id":1335,"href":"https:\/\/pkanphu.com\/index.php?rest_route=\/wp\/v2\/pages\/699\/revisions\/1335"}],"wp:attachment":[{"href":"https:\/\/pkanphu.com\/index.php?rest_route=%2Fwp%2Fv2%2Fmedia&parent=699"}],"curies":[{"name":"wp","href":"https:\/\/api.w.org\/{rel}","templated":true}]}}