{"id":695,"date":"2018-09-23T21:18:48","date_gmt":"2018-09-23T14:18:48","guid":{"rendered":"http:\/\/pkanphu.com\/?page_id=695"},"modified":"2023-12-05T15:42:10","modified_gmt":"2023-12-05T08:42:10","slug":"chan-thuong-chinh-hinh","status":"publish","type":"page","link":"https:\/\/pkanphu.com\/?page_id=695","title":{"rendered":"Ch\u1ea5n Th\u01b0\u01a1ng Ch\u1ec9nh H\u00ecnh"},"content":{"rendered":"<table border=\"1px\">\n<tbody>\n<tr border-color=\"#96D4D4\">\n<td width=\"60\">B\u00e1c s\u0129 ph\u1ee5 tr\u00e1ch:<\/td>\n<td width=\"60\">BS.CKI T\u1ea1 \u0110\u1ee9c Duy<\/td>\n<\/tr>\n<tr>\n<td width=\"60\">CCHN:<\/td>\n<td width=\"312\">039000\/HCM-CCHN<\/td>\n<\/tr>\n<tr>\n<td width=\"60\">Chuy\u00ean m\u00f4n:<\/td>\n<td width=\"312\">Kh\u00e1m b\u1ec7nh, ch\u1eefa b\u00eanh chuy\u00ean khoa Ngo\u1ea1i<\/td>\n<\/tr>\n<tr>\n<td width=\"60\">Ch\u1ee9c v\u1ee5:<\/td>\n<td width=\"312\">Ng\u01b0\u1eddi ph\u1ee5 tr\u00e1ch chuy\u00ean khoa v\u00e0 th\u1ef1c hi\u1ec7n kh\u00e1m ch\u1eefa b\u1ec7nh chuy\u00ean khoa Ngo\u1ea1i<\/td>\n<\/tr>\n<tr>\n<td width=\"60\">L\u1ecbch c\u00f4ng t\u00e1c:<\/td>\n<td width=\"312\">Th\u1ee9 hai &#8211; ch\u1ee7 nh\u1eadt,<br \/>\nL\u00e0m vi\u1ec7c t\u1eeb: 7gi\u1edd 00 \u2013 19 gi\u1edd 30<\/td>\n<\/tr>\n<\/tbody>\n<\/table>\n<p>Gi\u1edbi thi\u1ec7u:<\/p>\n<p>C\u01a1 th\u1ec3 ng\u01b0\u1eddi \u0111\u01b0\u1ee3c c\u1ea5u t\u1ea1o c\u01a1 b\u1ea3n nh\u1edd h\u1ec7 c\u01a1 x\u01b0\u01a1ng kh\u1edbp. Khoa Ngo\u1ea1i \u2013 Ch\u1ea5n Th\u01b0\u01a1ng Ch\u1ec9nh H\u00ecnh c\u1ee7a Ph\u00f2ng Kh\u00e1m \u0110a Khoa Qu\u1ed1c t\u1ebf An Ph\u00fa lu\u00f4n ch\u00fa tr\u1ecdng \u0111\u1ebfn vi\u1ec7c \u0111\u1ea3m b\u1ea3o c\u00e1c ch\u1ee9c n\u0103ng x\u01b0\u01a1ng kh\u1edbp ho\u1ea1t \u0111\u1ed9ng b\u00ecnh th\u01b0\u1eddng v\u00e0 kh\u1ecfe m\u1ea1nh. C\u00e1c b\u00e1c s\u0129 chuy\u00ean khoa gi\u00e0u kinh nghi\u1ec7m c\u00f3 th\u1ec3 \u00e1p d\u1ee5ng nh\u1eefng k\u1ef9 thu\u1eadt ti\u00ean ti\u1ebfn trong y khoa nh\u1eb1m ph\u1ee5c h\u1ed3i th\u01b0\u01a1ng t\u1ed5n t\u1eeb d\u00e2y ch\u1eb1ng v\u00e0 s\u1ee5n kh\u1edbp ngay trong ng\u00e0y m\u00e0 kh\u00f4ng y\u00eau c\u1ea7u b\u1ec7nh nh\u00e2n ph\u1ea3i nh\u1eadp vi\u1ec7n. Ph\u00f2ng Kh\u00e1m \u0110a Khoa Qu\u1ed1c t\u1ebf An Ph\u00fa c\u00f3 th\u1ec3 th\u1ef1c hi\u1ec7n \u0111i\u1ec1u tr\u1ecb v\u00e0 th\u1ef1c hi\u1ec7n m\u1ed9t s\u1ed1 th\u1ee7 thu\u1eadt nh\u1ecf.<\/p>\n<p class=\"p1\">Khoa Ngo\u1ea1i \u2013 Ch\u1ea5n Th\u01b0\u01a1ng Ch\u1ec9nh H\u00ecnh c\u1ee7a ch\u00fang t\u00f4i cung c\u1ea5p \u0111a d\u1ecbch v\u1ee5 v\u1ec1 ch\u1ea9n \u0111o\u00e1n, \u0111i\u1ec1u tr\u1ecb v\u00e0 ph\u1ee5c h\u1ed3i ch\u1ee9c n\u0103ng c\u1ee7a c\u00e1c b\u1ec7nh l\u00fd c\u01a1-x\u01b0\u01a1ng-kh\u1edbp \u1edf c\u1ea3 tr\u1ebb em v\u00e0 ng\u01b0\u1eddi l\u1edbn.<\/p>\n<p class=\"p1\">D\u1ecbch v\u1ee5 ch\u1ea5n th\u01b0\u01a1ng ch\u1ec9nh h\u00ecnh bao g\u1ed3m:<\/p>\n<ul class=\"ul1\">\n<li class=\"li1\">Ch\u1ea5n th\u01b0\u01a1ng<\/li>\n<li class=\"li1\">Ch\u1ea5n th\u01b0\u01a1ng trong th\u1ec3 thao<\/li>\n<li class=\"li1\">N\u1ee9t, g\u00e3y x\u01b0\u01a1ng<\/li>\n<li class=\"li1\">Ti\u1ec3u ph\u1eabu<\/li>\n<li class=\"li1\">B\u1ec7nh l\u00fd th\u1ea7n kinh v\u00e0 \u0111au m\u1ea1n t\u00ednh (v\u00ed d\u1ee5 nh\u01b0 h\u1ed9i ch\u1ee9ng \u1ed1ng c\u1ed5 tay)<\/li>\n<li class=\"li1\">C\u00e1c th\u1ee7 thu\u1eadt kh\u00e1c<\/li>\n<\/ul>\n<p><img loading=\"lazy\" decoding=\"async\" class=\"size-full wp-image-696 aligncenter\" src=\"http:\/\/pkanphu.com\/wp-content\/uploads\/2018\/09\/chan-thuong-chinh-hinh.jpg\" alt=\"\" width=\"511\" height=\"300\" \/><\/p>\n","protected":false},"excerpt":{"rendered":"<p>B\u00e1c s\u0129 ph\u1ee5 tr\u00e1ch: BS.CKI T\u1ea1 \u0110\u1ee9c Duy CCHN: 039000\/HCM-CCHN Chuy\u00ean m\u00f4n: Kh\u00e1m b\u1ec7nh, ch\u1eefa b\u00eanh chuy\u00ean khoa Ngo\u1ea1i Ch\u1ee9c v\u1ee5: Ng\u01b0\u1eddi ph\u1ee5 tr\u00e1ch chuy\u00ean khoa v\u00e0 th\u1ef1c hi\u1ec7n kh\u00e1m ch\u1eefa b\u1ec7nh chuy\u00ean khoa Ngo\u1ea1i L\u1ecbch c\u00f4ng t\u00e1c: Th\u1ee9 hai &#8211; ch\u1ee7 nh\u1eadt, L\u00e0m vi\u1ec7c t\u1eeb: 7gi\u1edd 00 \u2013 19 gi\u1edd 30 Gi\u1edbi thi\u1ec7u: C\u01a1 &#8230;<\/p>\n","protected":false},"author":1,"featured_media":0,"parent":0,"menu_order":0,"comment_status":"closed","ping_status":"closed","template":"","meta":{"footnotes":""},"class_list":["post-695","page","type-page","status-publish","hentry"],"yoast_head":"<!-- This site is optimized with the Yoast SEO plugin v21.6 - https:\/\/yoast.com\/wordpress\/plugins\/seo\/ -->\n<title>Ch\u1ea5n Th\u01b0\u01a1ng Ch\u1ec9nh H\u00ecnh - Ph\u00f2ng Kh\u00e1m \u0110a Khoa Qu\u1ed1c T\u1ebf An Ph\u00fa<\/title>\n<meta name=\"description\" content=\"Khoa Ngo\u1ea1i \u2013 Ch\u1ea5n Th\u01b0\u01a1ng Ch\u1ec9nh H\u00ecnh c\u1ee7a ch\u00fang t\u00f4i cung c\u1ea5p \u0111a d\u1ecbch v\u1ee5 v\u1ec1 ch\u1ea9n \u0111o\u00e1n, \u0111i\u1ec1u tr\u1ecb v\u00e0 ph\u1ee5c h\u1ed3i ch\u1ee9c n\u0103ng c\u1ee7a c\u00e1c b\u1ec7nh l\u00fd c\u01a1-x\u01b0\u01a1ng-kh\u1edbp \u1edf c\u1ea3 tr\u1ebb em v\u00e0 ng\u01b0\u1eddi l\u1edbn.\" \/>\n<meta name=\"robots\" content=\"index, follow, max-snippet:-1, max-image-preview:large, max-video-preview:-1\" \/>\n<link rel=\"canonical\" href=\"https:\/\/pkanphu.com\/?page_id=695\" \/>\n<meta property=\"og:locale\" content=\"vi_VN\" \/>\n<meta property=\"og:type\" content=\"article\" \/>\n<meta property=\"og:title\" content=\"Ch\u1ea5n Th\u01b0\u01a1ng Ch\u1ec9nh H\u00ecnh - Ph\u00f2ng Kh\u00e1m \u0110a Khoa Qu\u1ed1c T\u1ebf An Ph\u00fa\" \/>\n<meta property=\"og:description\" content=\"Khoa Ngo\u1ea1i \u2013 Ch\u1ea5n Th\u01b0\u01a1ng Ch\u1ec9nh H\u00ecnh c\u1ee7a ch\u00fang t\u00f4i cung c\u1ea5p \u0111a d\u1ecbch v\u1ee5 v\u1ec1 ch\u1ea9n \u0111o\u00e1n, \u0111i\u1ec1u tr\u1ecb v\u00e0 ph\u1ee5c h\u1ed3i ch\u1ee9c n\u0103ng c\u1ee7a c\u00e1c b\u1ec7nh l\u00fd c\u01a1-x\u01b0\u01a1ng-kh\u1edbp \u1edf c\u1ea3 tr\u1ebb em v\u00e0 ng\u01b0\u1eddi l\u1edbn.\" \/>\n<meta property=\"og:url\" content=\"https:\/\/pkanphu.com\/?page_id=695\" \/>\n<meta property=\"og:site_name\" content=\"Ph\u00f2ng Kh\u00e1m \u0110a Khoa Qu\u1ed1c T\u1ebf An Ph\u00fa\" \/>\n<meta property=\"article:modified_time\" content=\"2023-12-05T08:42:10+00:00\" \/>\n<meta property=\"og:image\" content=\"http:\/\/pkanphu.com\/wp-content\/uploads\/2018\/09\/chan-thuong-chinh-hinh.jpg\" \/>\n<meta name=\"twitter:card\" content=\"summary_large_image\" \/>\n<meta name=\"twitter:label1\" content=\"\u01af\u1edbc t\u00ednh th\u1eddi gian \u0111\u1ecdc\" \/>\n\t<meta name=\"twitter:data1\" content=\"2 ph\u00fat\" \/>\n<script type=\"application\/ld+json\" class=\"yoast-schema-graph\">{\"@context\":\"https:\/\/schema.org\",\"@graph\":[{\"@type\":\"WebPage\",\"@id\":\"https:\/\/pkanphu.com\/?page_id=695\",\"url\":\"https:\/\/pkanphu.com\/?page_id=695\",\"name\":\"Ch\u1ea5n Th\u01b0\u01a1ng Ch\u1ec9nh H\u00ecnh - Ph\u00f2ng Kh\u00e1m \u0110a Khoa Qu\u1ed1c T\u1ebf An Ph\u00fa\",\"isPartOf\":{\"@id\":\"https:\/\/pkanphu.com\/#website\"},\"datePublished\":\"2018-09-23T14:18:48+00:00\",\"dateModified\":\"2023-12-05T08:42:10+00:00\",\"description\":\"Khoa Ngo\u1ea1i \u2013 Ch\u1ea5n Th\u01b0\u01a1ng Ch\u1ec9nh H\u00ecnh c\u1ee7a ch\u00fang t\u00f4i cung c\u1ea5p \u0111a d\u1ecbch v\u1ee5 v\u1ec1 ch\u1ea9n \u0111o\u00e1n, \u0111i\u1ec1u tr\u1ecb v\u00e0 ph\u1ee5c h\u1ed3i ch\u1ee9c n\u0103ng c\u1ee7a c\u00e1c b\u1ec7nh l\u00fd c\u01a1-x\u01b0\u01a1ng-kh\u1edbp \u1edf c\u1ea3 tr\u1ebb em v\u00e0 ng\u01b0\u1eddi l\u1edbn.\",\"breadcrumb\":{\"@id\":\"https:\/\/pkanphu.com\/?page_id=695#breadcrumb\"},\"inLanguage\":\"vi\",\"potentialAction\":[{\"@type\":\"ReadAction\",\"target\":[\"https:\/\/pkanphu.com\/?page_id=695\"]}]},{\"@type\":\"BreadcrumbList\",\"@id\":\"https:\/\/pkanphu.com\/?page_id=695#breadcrumb\",\"itemListElement\":[{\"@type\":\"ListItem\",\"position\":1,\"name\":\"Home\",\"item\":\"https:\/\/pkanphu.com\/\"},{\"@type\":\"ListItem\",\"position\":2,\"name\":\"Ch\u1ea5n Th\u01b0\u01a1ng Ch\u1ec9nh H\u00ecnh\"}]},{\"@type\":\"WebSite\",\"@id\":\"https:\/\/pkanphu.com\/#website\",\"url\":\"https:\/\/pkanphu.com\/\",\"name\":\"Ph\u00f2ng Kh\u00e1m \u0110a Khoa Qu\u1ed1c T\u1ebf An Ph\u00fa\",\"description\":\"\",\"potentialAction\":[{\"@type\":\"SearchAction\",\"target\":{\"@type\":\"EntryPoint\",\"urlTemplate\":\"https:\/\/pkanphu.com\/?s={search_term_string}\"},\"query-input\":\"required name=search_term_string\"}],\"inLanguage\":\"vi\"}]}<\/script>\n<!-- \/ Yoast SEO plugin. -->","yoast_head_json":{"title":"Ch\u1ea5n Th\u01b0\u01a1ng Ch\u1ec9nh H\u00ecnh - Ph\u00f2ng Kh\u00e1m \u0110a Khoa Qu\u1ed1c T\u1ebf An Ph\u00fa","description":"Khoa Ngo\u1ea1i \u2013 Ch\u1ea5n Th\u01b0\u01a1ng Ch\u1ec9nh H\u00ecnh c\u1ee7a ch\u00fang t\u00f4i cung c\u1ea5p \u0111a d\u1ecbch v\u1ee5 v\u1ec1 ch\u1ea9n \u0111o\u00e1n, \u0111i\u1ec1u tr\u1ecb v\u00e0 ph\u1ee5c h\u1ed3i ch\u1ee9c n\u0103ng c\u1ee7a c\u00e1c b\u1ec7nh l\u00fd c\u01a1-x\u01b0\u01a1ng-kh\u1edbp \u1edf c\u1ea3 tr\u1ebb em v\u00e0 ng\u01b0\u1eddi l\u1edbn.","robots":{"index":"index","follow":"follow","max-snippet":"max-snippet:-1","max-image-preview":"max-image-preview:large","max-video-preview":"max-video-preview:-1"},"canonical":"https:\/\/pkanphu.com\/?page_id=695","og_locale":"vi_VN","og_type":"article","og_title":"Ch\u1ea5n Th\u01b0\u01a1ng Ch\u1ec9nh H\u00ecnh - Ph\u00f2ng Kh\u00e1m \u0110a Khoa Qu\u1ed1c T\u1ebf An Ph\u00fa","og_description":"Khoa Ngo\u1ea1i \u2013 Ch\u1ea5n Th\u01b0\u01a1ng Ch\u1ec9nh H\u00ecnh c\u1ee7a ch\u00fang t\u00f4i cung c\u1ea5p \u0111a d\u1ecbch v\u1ee5 v\u1ec1 ch\u1ea9n \u0111o\u00e1n, \u0111i\u1ec1u tr\u1ecb v\u00e0 ph\u1ee5c h\u1ed3i ch\u1ee9c n\u0103ng c\u1ee7a c\u00e1c b\u1ec7nh l\u00fd c\u01a1-x\u01b0\u01a1ng-kh\u1edbp \u1edf c\u1ea3 tr\u1ebb em v\u00e0 ng\u01b0\u1eddi l\u1edbn.","og_url":"https:\/\/pkanphu.com\/?page_id=695","og_site_name":"Ph\u00f2ng Kh\u00e1m \u0110a Khoa Qu\u1ed1c T\u1ebf An Ph\u00fa","article_modified_time":"2023-12-05T08:42:10+00:00","og_image":[{"url":"http:\/\/pkanphu.com\/wp-content\/uploads\/2018\/09\/chan-thuong-chinh-hinh.jpg"}],"twitter_card":"summary_large_image","twitter_misc":{"\u01af\u1edbc t\u00ednh th\u1eddi gian \u0111\u1ecdc":"2 ph\u00fat"},"schema":{"@context":"https:\/\/schema.org","@graph":[{"@type":"WebPage","@id":"https:\/\/pkanphu.com\/?page_id=695","url":"https:\/\/pkanphu.com\/?page_id=695","name":"Ch\u1ea5n Th\u01b0\u01a1ng Ch\u1ec9nh H\u00ecnh - Ph\u00f2ng Kh\u00e1m \u0110a Khoa Qu\u1ed1c T\u1ebf An Ph\u00fa","isPartOf":{"@id":"https:\/\/pkanphu.com\/#website"},"datePublished":"2018-09-23T14:18:48+00:00","dateModified":"2023-12-05T08:42:10+00:00","description":"Khoa Ngo\u1ea1i \u2013 Ch\u1ea5n Th\u01b0\u01a1ng Ch\u1ec9nh H\u00ecnh c\u1ee7a ch\u00fang t\u00f4i cung c\u1ea5p \u0111a d\u1ecbch v\u1ee5 v\u1ec1 ch\u1ea9n \u0111o\u00e1n, \u0111i\u1ec1u tr\u1ecb v\u00e0 ph\u1ee5c h\u1ed3i ch\u1ee9c n\u0103ng c\u1ee7a c\u00e1c b\u1ec7nh l\u00fd c\u01a1-x\u01b0\u01a1ng-kh\u1edbp \u1edf c\u1ea3 tr\u1ebb em v\u00e0 ng\u01b0\u1eddi l\u1edbn.","breadcrumb":{"@id":"https:\/\/pkanphu.com\/?page_id=695#breadcrumb"},"inLanguage":"vi","potentialAction":[{"@type":"ReadAction","target":["https:\/\/pkanphu.com\/?page_id=695"]}]},{"@type":"BreadcrumbList","@id":"https:\/\/pkanphu.com\/?page_id=695#breadcrumb","itemListElement":[{"@type":"ListItem","position":1,"name":"Home","item":"https:\/\/pkanphu.com\/"},{"@type":"ListItem","position":2,"name":"Ch\u1ea5n Th\u01b0\u01a1ng Ch\u1ec9nh H\u00ecnh"}]},{"@type":"WebSite","@id":"https:\/\/pkanphu.com\/#website","url":"https:\/\/pkanphu.com\/","name":"Ph\u00f2ng Kh\u00e1m \u0110a Khoa Qu\u1ed1c T\u1ebf An Ph\u00fa","description":"","potentialAction":[{"@type":"SearchAction","target":{"@type":"EntryPoint","urlTemplate":"https:\/\/pkanphu.com\/?s={search_term_string}"},"query-input":"required name=search_term_string"}],"inLanguage":"vi"}]}},"_links":{"self":[{"href":"https:\/\/pkanphu.com\/index.php?rest_route=\/wp\/v2\/pages\/695","targetHints":{"allow":["GET"]}}],"collection":[{"href":"https:\/\/pkanphu.com\/index.php?rest_route=\/wp\/v2\/pages"}],"about":[{"href":"https:\/\/pkanphu.com\/index.php?rest_route=\/wp\/v2\/types\/page"}],"author":[{"embeddable":true,"href":"https:\/\/pkanphu.com\/index.php?rest_route=\/wp\/v2\/users\/1"}],"replies":[{"embeddable":true,"href":"https:\/\/pkanphu.com\/index.php?rest_route=%2Fwp%2Fv2%2Fcomments&post=695"}],"version-history":[{"count":5,"href":"https:\/\/pkanphu.com\/index.php?rest_route=\/wp\/v2\/pages\/695\/revisions"}],"predecessor-version":[{"id":1330,"href":"https:\/\/pkanphu.com\/index.php?rest_route=\/wp\/v2\/pages\/695\/revisions\/1330"}],"wp:attachment":[{"href":"https:\/\/pkanphu.com\/index.php?rest_route=%2Fwp%2Fv2%2Fmedia&parent=695"}],"curies":[{"name":"wp","href":"https:\/\/api.w.org\/{rel}","templated":true}]}}