{"id":690,"date":"2018-09-23T21:16:32","date_gmt":"2018-09-23T14:16:32","guid":{"rendered":"http:\/\/pkanphu.com\/?page_id=690"},"modified":"2023-12-06T09:41:56","modified_gmt":"2023-12-06T02:41:56","slug":"khoa-san","status":"publish","type":"page","link":"https:\/\/pkanphu.com\/?page_id=690","title":{"rendered":"Khoa S\u1ea3n"},"content":{"rendered":"<table border=\"1px\">\n<tbody>\n<tr>\n<td width=\"60\">B\u00e1c s\u0129 ph\u1ee5 tr\u00e1ch<\/td>\n<td width=\"455\">Ths. BS.CKII Nguy\u1ec5n Th\u1ecb Ph\u00fac Duy\u00ean<\/td>\n<\/tr>\n<tr>\n<td width=\"60\">CCHN:<\/td>\n<td width=\"312\">110058\/CCHN-BQP<\/td>\n<\/tr>\n<tr>\n<td width=\"60\">Chuy\u00ean m\u00f4n:<\/td>\n<td width=\"312\">Kh\u00e1m b\u1ec7nh, ch\u1eefa b\u00eanh chuy\u00ean khoa S\u1ea3n ph\u1ee5 khoa<\/td>\n<\/tr>\n<tr>\n<td width=\"60\">Ch\u1ee9c v\u1ee5:<\/td>\n<td width=\"312\">Ng\u01b0\u1eddi ph\u1ee5 tr\u00e1ch chuy\u00ean khoa v\u00e0 th\u1ef1c hi\u1ec7n kh\u00e1m ch\u1eefa b\u1ec7nh chuy\u00ean khoa S\u1ea3n ph\u1ee5 khoa<\/td>\n<\/tr>\n<tr>\n<td width=\"60\">L\u1ecbch c\u00f4ng t\u00e1c:<\/td>\n<td width=\"312\">Th\u1ee9 hai &#8211; ch\u1ee7 nh\u1eadt,<br \/>\nL\u00e0m vi\u1ec7c t\u1eeb: 7gi\u1edd 00 \u2013 19 gi\u1edd 30<\/td>\n<\/tr>\n<\/tbody>\n<\/table>\n<p>Gi\u1edbi thi\u1ec7u:<\/p>\n<p>T\u1ea1o h\u00f3a \u0111\u00e3 ban cho ng\u01b0\u1eddi ph\u1ee5 n\u1eef nh\u1eefng g\u00ec tinh t\u00fay nh\u1ea5t, \u0111\u1eb9p \u0111\u1ebd nh\u1ea5t. Tuy nhi\u00ean, ng\u01b0\u1eddi ph\u1ee5 n\u1eef c\u0169ng ch\u1ecbu nhi\u1ec1u thi\u1ec7t th\u00f2i nh\u1ea5t v\u00ec c\u00f3 nguy c\u01a1 m\u1eafc nhi\u1ec1u b\u1ec7nh nh\u1ea5t so v\u1edbi nam gi\u1edbi, v\u00ed d\u1ee5 nh\u01b0 m\u1ed9t s\u1ed1 b\u1ec7nh l\u00fd v\u1ec1 ph\u1ee5 khoa, nhi\u1ec5m tr\u00f9ng ti\u1ec3u, nhi\u1ec5m tr\u00f9ng \u00e2m \u0111\u1ea1o, b\u1ec7nh v\u1ec1 h\u1ec7 sinh s\u1ea3n,\u2026nh\u1eefng b\u1ec7nh n\u00e0y g\u00e2y n\u00ean nh\u1eefng c\u1ea3m gi\u00e1c kh\u00f3 ch\u1ecbu v\u00e0 s\u1ef1 phi\u1ec1n mu\u1ed9n cho ng\u01b0\u1eddi ph\u1ee5 n\u1eef. C\u00e1c b\u1ec7nh n\u00e0y kh\u00f4ng gi\u1edbi h\u1ea1n \u0111\u1ed9 tu\u1ed5i, \u0111\u1eb7c bi\u1ec7t c\u00e0ng l\u1edbn tu\u1ed5i th\u00ec ng\u01b0\u1eddi ph\u1ee5 n\u1eef c\u00f2n ph\u1ea3i \u0111\u1ed1i di\u1ec7n v\u1edbi nguy c\u01a1 m\u1eafc c\u00e1c b\u1ec7nh nguy hi\u1ec3m nh\u01b0 b\u1ec7nh ung (th\u01b0\u1eddng x\u1ea3y ra \u1edf nh\u1eefng ph\u1ee5 n\u1eef tr\u00ean 40 tu\u1ed5i) nh\u01b0 ung th\u01b0 c\u1ed5 t\u1eed cung, ung th\u01b0 bu\u1ed3ng tr\u1ee9ng, ung th\u01b0 v\u00fa,\u2026.Ch\u01b0a k\u1ec3 nh\u1eefng s\u1ea3n ph\u1ee5 trong th\u1eddi k\u1ef3 mang thai ph\u1ea3i li\u00ean t\u1ee5c \u0111\u01b0\u1ee3c theo d\u00f5i \u0111\u1ec3 k\u1ecbp th\u1eddi ph\u00e1t hi\u1ec7n c\u00e1c b\u1ec7nh c\u1ee7a thai nhi, di\u1ec5n ti\u1ebfn c\u1ee7a b\u00e0o thai, sao cho \u0111\u1ebfn k\u1ef3 sinh n\u1edf c\u1ea3 m\u1eb9 v\u00e0 con \u0111\u1ec1u \u0111\u01b0\u1ee3c kh\u1ecfe m\u1ea1nh.<\/p>\n<p class=\"p1\">D\u1ecbch v\u1ee5 s\u1ea3n khoa t\u1ea1i Ph\u00f2ng Kh\u00e1m \u0110a Khoa Qu\u1ed1c t\u1ebf An Ph\u00fa l\u00e0 chuy\u00ean khoa kh\u00e1 \u0111a d\u1ea1ng li\u00ean quan \u0111\u1ebfn c\u00e1c th\u1ee7 thu\u1eadt ch\u0103m s\u00f3c s\u1ee9c kho\u1ebb ph\u1ee5 n\u1eef, bao g\u1ed3m s\u1ea3n khoa: t\u1eadp trung ch\u0103m s\u00f3c s\u1ee9c kho\u1ebb ph\u1ee5 n\u1eef tr\u01b0\u1edbc mang thai, khi mang thai v\u00e0 sau khi sinh v\u00e0 ph\u1ee5 khoa.Bao g\u1ed3m:<\/p>\n<ul class=\"ul1\">\n<li class=\"li1\">Ch\u0103m s\u00f3c ti\u1ec1n s\u1ea3n<\/li>\n<li class=\"li1\">Ch\u0103m s\u00f3c thai k\u1ef3<\/li>\n<li class=\"li1\">Si\u00eau \u00e2m<\/li>\n<li class=\"li1\">C\u00e1c v\u1ea5n \u0111\u1ec1 ph\u1ee5 khoa th\u00f4ng th\u01b0\u1eddng: giai \u0111o\u1ea1n chu k\u1ef3 (ra huy\u1ebft nhi\u1ec1u, ra huy\u1ebft \u00edt, \u0111au b\u1ee5ng nhi\u1ec1u), \u0111au v\u00f9ng x\u01b0\u01a1ng ch\u1eadu, u x\u01a1 t\u1eed cung, l\u1ea1c n\u1ed9i m\u1ea1c t\u1eed cung, u nang bu\u1ed3ng tr\u1ee9ng, kh\u00ed h\u01b0, huy\u1ebft tr\u1eafng.<\/li>\n<\/ul>\n<p class=\"p1\">Ngo\u00e0i ra v\u1ec1 chuy\u00ean s\u00e2u ph\u1ee5 khoa ph\u00f2ng kh\u00e1m c\u00f2n c\u00f3 c\u00e1c d\u1ecbch v\u1ee5<\/p>\n<ul class=\"ul1\">\n<li class=\"li1\">PAP smears (ph\u1ebft t\u1ebf b\u00e0o \u00e2m \u0111\u1ea1o)<\/li>\n<li class=\"li1\">Ki\u1ec3m tra s\u1ee9c kh\u1ecfe ph\u1ee5 n\u1eef v\u1edbi g\u00f3i kh\u00e1m chuy\u00ean bi\u1ec7t.<\/li>\n<li class=\"li1\">Ch\u1ea9n \u0111o\u00e1n v\u00e0 \u0111i\u1ec1u tr\u1ecb vi\u00eam \u00e2m \u0111\u1ea1o<\/li>\n<li class=\"li1\">\u0110i\u1ec1u tr\u1ecb rong kinh (chu k\u1ef3 kinh nguy\u1ec7t b\u1ea5t th\u01b0\u1eddng, ch\u1ea3y m\u00e1u nhi\u1ec1u ho\u1eb7c k\u00e9o d\u00e0i)<\/li>\n<li class=\"li1\">T\u01b0 v\u1ea5n tr\u00e1nh thai<\/li>\n<li class=\"li1\">Ki\u1ec3m tra v\u00e0 \u0111i\u1ec1u tr\u1ecb c\u00e1c b\u1ec7nh l\u00e2y nhi\u1ec5m qua \u0111\u01b0\u1eddng t\u00ecnh d\u1ee5c<\/li>\n<li class=\"li1\">Ch\u1ea9n \u0111o\u00e1n v\u00e0 \u0111i\u1ec1u tr\u1ecb h\u1ed9i ch\u1ee9ng \u0111a nang bu\u1ed3ng tr\u1ee9ng<\/li>\n<li class=\"li1\">Si\u00eau \u00e2m ch\u1ea9n \u0111o\u00e1n c\u00e1c b\u1ec7nh v\u1ec1 ph\u1ee5 khoa.<\/li>\n<\/ul>\n<p><img loading=\"lazy\" decoding=\"async\" class=\"size-full wp-image-691 aligncenter\" src=\"http:\/\/pkanphu.com\/wp-content\/uploads\/2018\/09\/khoa-san.jpg\" alt=\"\" width=\"600\" height=\"321\" \/><\/p>\n","protected":false},"excerpt":{"rendered":"<p>B\u00e1c s\u0129 ph\u1ee5 tr\u00e1ch Ths. BS.CKII Nguy\u1ec5n Th\u1ecb Ph\u00fac Duy\u00ean CCHN: 110058\/CCHN-BQP Chuy\u00ean m\u00f4n: Kh\u00e1m b\u1ec7nh, ch\u1eefa b\u00eanh chuy\u00ean khoa S\u1ea3n ph\u1ee5 khoa Ch\u1ee9c v\u1ee5: Ng\u01b0\u1eddi ph\u1ee5 tr\u00e1ch chuy\u00ean khoa v\u00e0 th\u1ef1c hi\u1ec7n kh\u00e1m ch\u1eefa b\u1ec7nh chuy\u00ean khoa S\u1ea3n ph\u1ee5 khoa L\u1ecbch c\u00f4ng t\u00e1c: Th\u1ee9 hai &#8211; ch\u1ee7 nh\u1eadt, L\u00e0m vi\u1ec7c t\u1eeb: 7gi\u1edd 00 \u2013 &#8230;<\/p>\n","protected":false},"author":1,"featured_media":0,"parent":0,"menu_order":0,"comment_status":"closed","ping_status":"closed","template":"","meta":{"footnotes":""},"class_list":["post-690","page","type-page","status-publish","hentry"],"yoast_head":"<!-- This site is optimized with the Yoast SEO plugin v21.6 - https:\/\/yoast.com\/wordpress\/plugins\/seo\/ -->\n<title>Khoa S\u1ea3n - Ph\u00f2ng Kh\u00e1m \u0110a Khoa Qu\u1ed1c T\u1ebf An Ph\u00fa<\/title>\n<meta name=\"description\" content=\"D\u1ecbch v\u1ee5 khoa s\u1ea3n t\u1ea1i Ph\u00f2ng Kh\u00e1m \u0110a Khoa Qu\u1ed1c t\u1ebf An Ph\u00fa l\u00e0 chuy\u00ean khoa kh\u00e1 \u0111a d\u1ea1ng li\u00ean quan \u0111\u1ebfn c\u00e1c th\u1ee7 thu\u1eadt ch\u0103m s\u00f3c s\u1ee9c kho\u1ebb ph\u1ee5 n\u1eef\" \/>\n<meta name=\"robots\" content=\"index, follow, max-snippet:-1, max-image-preview:large, max-video-preview:-1\" \/>\n<link rel=\"canonical\" href=\"https:\/\/pkanphu.com\/?page_id=690\" \/>\n<meta property=\"og:locale\" content=\"vi_VN\" \/>\n<meta property=\"og:type\" content=\"article\" \/>\n<meta property=\"og:title\" content=\"Khoa S\u1ea3n - Ph\u00f2ng Kh\u00e1m \u0110a Khoa Qu\u1ed1c T\u1ebf An Ph\u00fa\" \/>\n<meta property=\"og:description\" content=\"D\u1ecbch v\u1ee5 khoa s\u1ea3n t\u1ea1i Ph\u00f2ng Kh\u00e1m \u0110a Khoa Qu\u1ed1c t\u1ebf An Ph\u00fa l\u00e0 chuy\u00ean khoa kh\u00e1 \u0111a d\u1ea1ng li\u00ean quan \u0111\u1ebfn c\u00e1c th\u1ee7 thu\u1eadt ch\u0103m s\u00f3c s\u1ee9c kho\u1ebb ph\u1ee5 n\u1eef\" \/>\n<meta property=\"og:url\" content=\"https:\/\/pkanphu.com\/?page_id=690\" \/>\n<meta property=\"og:site_name\" content=\"Ph\u00f2ng Kh\u00e1m \u0110a Khoa Qu\u1ed1c T\u1ebf An Ph\u00fa\" \/>\n<meta property=\"article:modified_time\" content=\"2023-12-06T02:41:56+00:00\" \/>\n<meta property=\"og:image\" content=\"http:\/\/pkanphu.com\/wp-content\/uploads\/2018\/09\/khoa-san.jpg\" \/>\n<meta name=\"twitter:card\" content=\"summary_large_image\" \/>\n<meta name=\"twitter:label1\" content=\"\u01af\u1edbc t\u00ednh th\u1eddi gian \u0111\u1ecdc\" \/>\n\t<meta name=\"twitter:data1\" content=\"3 ph\u00fat\" \/>\n<script type=\"application\/ld+json\" class=\"yoast-schema-graph\">{\"@context\":\"https:\/\/schema.org\",\"@graph\":[{\"@type\":\"WebPage\",\"@id\":\"https:\/\/pkanphu.com\/?page_id=690\",\"url\":\"https:\/\/pkanphu.com\/?page_id=690\",\"name\":\"Khoa S\u1ea3n - Ph\u00f2ng Kh\u00e1m \u0110a Khoa Qu\u1ed1c T\u1ebf An Ph\u00fa\",\"isPartOf\":{\"@id\":\"https:\/\/pkanphu.com\/#website\"},\"datePublished\":\"2018-09-23T14:16:32+00:00\",\"dateModified\":\"2023-12-06T02:41:56+00:00\",\"description\":\"D\u1ecbch v\u1ee5 khoa s\u1ea3n t\u1ea1i Ph\u00f2ng Kh\u00e1m \u0110a Khoa Qu\u1ed1c t\u1ebf An Ph\u00fa l\u00e0 chuy\u00ean khoa kh\u00e1 \u0111a d\u1ea1ng li\u00ean quan \u0111\u1ebfn c\u00e1c th\u1ee7 thu\u1eadt ch\u0103m s\u00f3c s\u1ee9c kho\u1ebb ph\u1ee5 n\u1eef\",\"breadcrumb\":{\"@id\":\"https:\/\/pkanphu.com\/?page_id=690#breadcrumb\"},\"inLanguage\":\"vi\",\"potentialAction\":[{\"@type\":\"ReadAction\",\"target\":[\"https:\/\/pkanphu.com\/?page_id=690\"]}]},{\"@type\":\"BreadcrumbList\",\"@id\":\"https:\/\/pkanphu.com\/?page_id=690#breadcrumb\",\"itemListElement\":[{\"@type\":\"ListItem\",\"position\":1,\"name\":\"Home\",\"item\":\"https:\/\/pkanphu.com\/\"},{\"@type\":\"ListItem\",\"position\":2,\"name\":\"Khoa S\u1ea3n\"}]},{\"@type\":\"WebSite\",\"@id\":\"https:\/\/pkanphu.com\/#website\",\"url\":\"https:\/\/pkanphu.com\/\",\"name\":\"Ph\u00f2ng Kh\u00e1m \u0110a Khoa Qu\u1ed1c T\u1ebf An Ph\u00fa\",\"description\":\"\",\"potentialAction\":[{\"@type\":\"SearchAction\",\"target\":{\"@type\":\"EntryPoint\",\"urlTemplate\":\"https:\/\/pkanphu.com\/?s={search_term_string}\"},\"query-input\":\"required name=search_term_string\"}],\"inLanguage\":\"vi\"}]}<\/script>\n<!-- \/ Yoast SEO plugin. -->","yoast_head_json":{"title":"Khoa S\u1ea3n - Ph\u00f2ng Kh\u00e1m \u0110a Khoa Qu\u1ed1c T\u1ebf An Ph\u00fa","description":"D\u1ecbch v\u1ee5 khoa s\u1ea3n t\u1ea1i Ph\u00f2ng Kh\u00e1m \u0110a Khoa Qu\u1ed1c t\u1ebf An Ph\u00fa l\u00e0 chuy\u00ean khoa kh\u00e1 \u0111a d\u1ea1ng li\u00ean quan \u0111\u1ebfn c\u00e1c th\u1ee7 thu\u1eadt ch\u0103m s\u00f3c s\u1ee9c kho\u1ebb ph\u1ee5 n\u1eef","robots":{"index":"index","follow":"follow","max-snippet":"max-snippet:-1","max-image-preview":"max-image-preview:large","max-video-preview":"max-video-preview:-1"},"canonical":"https:\/\/pkanphu.com\/?page_id=690","og_locale":"vi_VN","og_type":"article","og_title":"Khoa S\u1ea3n - Ph\u00f2ng Kh\u00e1m \u0110a Khoa Qu\u1ed1c T\u1ebf An Ph\u00fa","og_description":"D\u1ecbch v\u1ee5 khoa s\u1ea3n t\u1ea1i Ph\u00f2ng Kh\u00e1m \u0110a Khoa Qu\u1ed1c t\u1ebf An Ph\u00fa l\u00e0 chuy\u00ean khoa kh\u00e1 \u0111a d\u1ea1ng li\u00ean quan \u0111\u1ebfn c\u00e1c th\u1ee7 thu\u1eadt ch\u0103m s\u00f3c s\u1ee9c kho\u1ebb ph\u1ee5 n\u1eef","og_url":"https:\/\/pkanphu.com\/?page_id=690","og_site_name":"Ph\u00f2ng Kh\u00e1m \u0110a Khoa Qu\u1ed1c T\u1ebf An Ph\u00fa","article_modified_time":"2023-12-06T02:41:56+00:00","og_image":[{"url":"http:\/\/pkanphu.com\/wp-content\/uploads\/2018\/09\/khoa-san.jpg"}],"twitter_card":"summary_large_image","twitter_misc":{"\u01af\u1edbc t\u00ednh th\u1eddi gian \u0111\u1ecdc":"3 ph\u00fat"},"schema":{"@context":"https:\/\/schema.org","@graph":[{"@type":"WebPage","@id":"https:\/\/pkanphu.com\/?page_id=690","url":"https:\/\/pkanphu.com\/?page_id=690","name":"Khoa S\u1ea3n - Ph\u00f2ng Kh\u00e1m \u0110a Khoa Qu\u1ed1c T\u1ebf An Ph\u00fa","isPartOf":{"@id":"https:\/\/pkanphu.com\/#website"},"datePublished":"2018-09-23T14:16:32+00:00","dateModified":"2023-12-06T02:41:56+00:00","description":"D\u1ecbch v\u1ee5 khoa s\u1ea3n t\u1ea1i Ph\u00f2ng Kh\u00e1m \u0110a Khoa Qu\u1ed1c t\u1ebf An Ph\u00fa l\u00e0 chuy\u00ean khoa kh\u00e1 \u0111a d\u1ea1ng li\u00ean quan \u0111\u1ebfn c\u00e1c th\u1ee7 thu\u1eadt ch\u0103m s\u00f3c s\u1ee9c kho\u1ebb ph\u1ee5 n\u1eef","breadcrumb":{"@id":"https:\/\/pkanphu.com\/?page_id=690#breadcrumb"},"inLanguage":"vi","potentialAction":[{"@type":"ReadAction","target":["https:\/\/pkanphu.com\/?page_id=690"]}]},{"@type":"BreadcrumbList","@id":"https:\/\/pkanphu.com\/?page_id=690#breadcrumb","itemListElement":[{"@type":"ListItem","position":1,"name":"Home","item":"https:\/\/pkanphu.com\/"},{"@type":"ListItem","position":2,"name":"Khoa S\u1ea3n"}]},{"@type":"WebSite","@id":"https:\/\/pkanphu.com\/#website","url":"https:\/\/pkanphu.com\/","name":"Ph\u00f2ng Kh\u00e1m \u0110a Khoa Qu\u1ed1c T\u1ebf An Ph\u00fa","description":"","potentialAction":[{"@type":"SearchAction","target":{"@type":"EntryPoint","urlTemplate":"https:\/\/pkanphu.com\/?s={search_term_string}"},"query-input":"required name=search_term_string"}],"inLanguage":"vi"}]}},"_links":{"self":[{"href":"https:\/\/pkanphu.com\/index.php?rest_route=\/wp\/v2\/pages\/690","targetHints":{"allow":["GET"]}}],"collection":[{"href":"https:\/\/pkanphu.com\/index.php?rest_route=\/wp\/v2\/pages"}],"about":[{"href":"https:\/\/pkanphu.com\/index.php?rest_route=\/wp\/v2\/types\/page"}],"author":[{"embeddable":true,"href":"https:\/\/pkanphu.com\/index.php?rest_route=\/wp\/v2\/users\/1"}],"replies":[{"embeddable":true,"href":"https:\/\/pkanphu.com\/index.php?rest_route=%2Fwp%2Fv2%2Fcomments&post=690"}],"version-history":[{"count":6,"href":"https:\/\/pkanphu.com\/index.php?rest_route=\/wp\/v2\/pages\/690\/revisions"}],"predecessor-version":[{"id":1343,"href":"https:\/\/pkanphu.com\/index.php?rest_route=\/wp\/v2\/pages\/690\/revisions\/1343"}],"wp:attachment":[{"href":"https:\/\/pkanphu.com\/index.php?rest_route=%2Fwp%2Fv2%2Fmedia&parent=690"}],"curies":[{"name":"wp","href":"https:\/\/api.w.org\/{rel}","templated":true}]}}