{"id":686,"date":"2018-09-23T21:12:52","date_gmt":"2018-09-23T14:12:52","guid":{"rendered":"http:\/\/pkanphu.com\/?page_id=686"},"modified":"2018-10-23T15:22:42","modified_gmt":"2018-10-23T08:22:42","slug":"khoa-hoi-suc-cap-cuu","status":"publish","type":"page","link":"https:\/\/pkanphu.com\/?page_id=686","title":{"rendered":"Khoa H\u1ed3i S\u1ee9c C\u1ea5p C\u1ee9u"},"content":{"rendered":"<p>Khoa h\u1ed3i s\u1ee9c c\u1ea5p c\u1ee9u l\u00e0 khoa chuy\u00ean ch\u0103m s\u00f3c cho c\u1ea3 ng\u01b0\u1eddi l\u1edbn v\u00e0 em b\u00e9 b\u1ecb c\u00e1c b\u1ec7nh c\u1ea5p t\u00ednh \u0111\u00f2i h\u1ecfi ph\u1ea3i \u0111i\u1ec1u tr\u1ecb kh\u1ea9n c\u1ea5p. Ph\u00f2ng Kh\u00e1m \u0110a Khoa Qu\u1ed1c t\u1ebf An Ph\u00fa c\u00f3 khoa h\u1ed3i s\u1ee9c c\u1ea5p c\u1ee9u \u0111\u01b0\u1ee3c trang b\u1ecb \u0111\u1ea7y \u0111\u1ee7 c\u00e1c trang thi\u1ebft b\u1ecb c\u00f3 kh\u1ea3 b\u0103ng c\u1ea5p c\u1ee9u cho c\u00e1c t\u00ecnh hu\u1ed1ng kh\u1ea9n c\u1ea5p.<\/p>\n<p><img loading=\"lazy\" decoding=\"async\" class=\"size-full wp-image-687 aligncenter\" src=\"http:\/\/pkanphu.com\/wp-content\/uploads\/2018\/09\/cap-cuu.jpg\" alt=\"\" width=\"494\" height=\"389\" \/><\/p>\n","protected":false},"excerpt":{"rendered":"<p>Khoa h\u1ed3i s\u1ee9c c\u1ea5p c\u1ee9u l\u00e0 khoa chuy\u00ean ch\u0103m s\u00f3c cho c\u1ea3 ng\u01b0\u1eddi l\u1edbn v\u00e0 em b\u00e9 b\u1ecb c\u00e1c b\u1ec7nh c\u1ea5p t\u00ednh \u0111\u00f2i h\u1ecfi ph\u1ea3i \u0111i\u1ec1u tr\u1ecb kh\u1ea9n c\u1ea5p. Ph\u00f2ng Kh\u00e1m \u0110a Khoa Qu\u1ed1c t\u1ebf An Ph\u00fa c\u00f3 khoa h\u1ed3i s\u1ee9c c\u1ea5p c\u1ee9u \u0111\u01b0\u1ee3c trang b\u1ecb \u0111\u1ea7y \u0111\u1ee7 c\u00e1c trang thi\u1ebft b\u1ecb c\u00f3 kh\u1ea3 b\u0103ng &#8230;<\/p>\n","protected":false},"author":1,"featured_media":0,"parent":0,"menu_order":0,"comment_status":"closed","ping_status":"closed","template":"","meta":{"footnotes":""},"class_list":["post-686","page","type-page","status-publish","hentry"],"yoast_head":"<!-- This site is optimized with the Yoast SEO plugin v21.6 - https:\/\/yoast.com\/wordpress\/plugins\/seo\/ -->\n<title>Khoa H\u1ed3i S\u1ee9c C\u1ea5p C\u1ee9u - Ph\u00f2ng Kh\u00e1m \u0110a Khoa Qu\u1ed1c T\u1ebf An Ph\u00fa<\/title>\n<meta name=\"description\" content=\"Khoa h\u1ed3i s\u1ee9c c\u1ea5p c\u1ee9u l\u00e0 khoa chuy\u00ean ch\u0103m s\u00f3c cho c\u1ea3 ng\u01b0\u1eddi l\u1edbn v\u00e0 em b\u00e9 b\u1ecb c\u00e1c b\u1ec7nh c\u1ea5p t\u00ednh \u0111\u00f2i h\u1ecfi ph\u1ea3i \u0111i\u1ec1u tr\u1ecb kh\u1ea9n c\u1ea5p\" \/>\n<meta name=\"robots\" content=\"index, follow, max-snippet:-1, max-image-preview:large, max-video-preview:-1\" \/>\n<link rel=\"canonical\" href=\"https:\/\/pkanphu.com\/?page_id=686\" \/>\n<meta property=\"og:locale\" content=\"vi_VN\" \/>\n<meta property=\"og:type\" content=\"article\" \/>\n<meta property=\"og:title\" content=\"Khoa H\u1ed3i S\u1ee9c C\u1ea5p C\u1ee9u - Ph\u00f2ng Kh\u00e1m \u0110a Khoa Qu\u1ed1c T\u1ebf An Ph\u00fa\" \/>\n<meta property=\"og:description\" content=\"Khoa h\u1ed3i s\u1ee9c c\u1ea5p c\u1ee9u l\u00e0 khoa chuy\u00ean ch\u0103m s\u00f3c cho c\u1ea3 ng\u01b0\u1eddi l\u1edbn v\u00e0 em b\u00e9 b\u1ecb c\u00e1c b\u1ec7nh c\u1ea5p t\u00ednh \u0111\u00f2i h\u1ecfi ph\u1ea3i \u0111i\u1ec1u tr\u1ecb kh\u1ea9n c\u1ea5p\" \/>\n<meta property=\"og:url\" content=\"https:\/\/pkanphu.com\/?page_id=686\" \/>\n<meta property=\"og:site_name\" content=\"Ph\u00f2ng Kh\u00e1m \u0110a Khoa Qu\u1ed1c T\u1ebf An Ph\u00fa\" \/>\n<meta property=\"article:modified_time\" content=\"2018-10-23T08:22:42+00:00\" \/>\n<meta property=\"og:image\" content=\"http:\/\/pkanphu.com\/wp-content\/uploads\/2018\/09\/cap-cuu.jpg\" \/>\n<meta name=\"twitter:card\" content=\"summary_large_image\" \/>\n<script type=\"application\/ld+json\" class=\"yoast-schema-graph\">{\"@context\":\"https:\/\/schema.org\",\"@graph\":[{\"@type\":\"WebPage\",\"@id\":\"https:\/\/pkanphu.com\/?page_id=686\",\"url\":\"https:\/\/pkanphu.com\/?page_id=686\",\"name\":\"Khoa H\u1ed3i S\u1ee9c C\u1ea5p C\u1ee9u - Ph\u00f2ng Kh\u00e1m \u0110a Khoa Qu\u1ed1c T\u1ebf An Ph\u00fa\",\"isPartOf\":{\"@id\":\"https:\/\/pkanphu.com\/#website\"},\"datePublished\":\"2018-09-23T14:12:52+00:00\",\"dateModified\":\"2018-10-23T08:22:42+00:00\",\"description\":\"Khoa h\u1ed3i s\u1ee9c c\u1ea5p c\u1ee9u l\u00e0 khoa chuy\u00ean ch\u0103m s\u00f3c cho c\u1ea3 ng\u01b0\u1eddi l\u1edbn v\u00e0 em b\u00e9 b\u1ecb c\u00e1c b\u1ec7nh c\u1ea5p t\u00ednh \u0111\u00f2i h\u1ecfi ph\u1ea3i \u0111i\u1ec1u tr\u1ecb kh\u1ea9n c\u1ea5p\",\"breadcrumb\":{\"@id\":\"https:\/\/pkanphu.com\/?page_id=686#breadcrumb\"},\"inLanguage\":\"vi\",\"potentialAction\":[{\"@type\":\"ReadAction\",\"target\":[\"https:\/\/pkanphu.com\/?page_id=686\"]}]},{\"@type\":\"BreadcrumbList\",\"@id\":\"https:\/\/pkanphu.com\/?page_id=686#breadcrumb\",\"itemListElement\":[{\"@type\":\"ListItem\",\"position\":1,\"name\":\"Home\",\"item\":\"https:\/\/pkanphu.com\/\"},{\"@type\":\"ListItem\",\"position\":2,\"name\":\"Khoa H\u1ed3i S\u1ee9c C\u1ea5p C\u1ee9u\"}]},{\"@type\":\"WebSite\",\"@id\":\"https:\/\/pkanphu.com\/#website\",\"url\":\"https:\/\/pkanphu.com\/\",\"name\":\"Ph\u00f2ng Kh\u00e1m \u0110a Khoa Qu\u1ed1c T\u1ebf An Ph\u00fa\",\"description\":\"\",\"potentialAction\":[{\"@type\":\"SearchAction\",\"target\":{\"@type\":\"EntryPoint\",\"urlTemplate\":\"https:\/\/pkanphu.com\/?s={search_term_string}\"},\"query-input\":\"required name=search_term_string\"}],\"inLanguage\":\"vi\"}]}<\/script>\n<!-- \/ Yoast SEO plugin. -->","yoast_head_json":{"title":"Khoa H\u1ed3i S\u1ee9c C\u1ea5p C\u1ee9u - Ph\u00f2ng Kh\u00e1m \u0110a Khoa Qu\u1ed1c T\u1ebf An Ph\u00fa","description":"Khoa h\u1ed3i s\u1ee9c c\u1ea5p c\u1ee9u l\u00e0 khoa chuy\u00ean ch\u0103m s\u00f3c cho c\u1ea3 ng\u01b0\u1eddi l\u1edbn v\u00e0 em b\u00e9 b\u1ecb c\u00e1c b\u1ec7nh c\u1ea5p t\u00ednh \u0111\u00f2i h\u1ecfi ph\u1ea3i \u0111i\u1ec1u tr\u1ecb kh\u1ea9n c\u1ea5p","robots":{"index":"index","follow":"follow","max-snippet":"max-snippet:-1","max-image-preview":"max-image-preview:large","max-video-preview":"max-video-preview:-1"},"canonical":"https:\/\/pkanphu.com\/?page_id=686","og_locale":"vi_VN","og_type":"article","og_title":"Khoa H\u1ed3i S\u1ee9c C\u1ea5p C\u1ee9u - Ph\u00f2ng Kh\u00e1m \u0110a Khoa Qu\u1ed1c T\u1ebf An Ph\u00fa","og_description":"Khoa h\u1ed3i s\u1ee9c c\u1ea5p c\u1ee9u l\u00e0 khoa chuy\u00ean ch\u0103m s\u00f3c cho c\u1ea3 ng\u01b0\u1eddi l\u1edbn v\u00e0 em b\u00e9 b\u1ecb c\u00e1c b\u1ec7nh c\u1ea5p t\u00ednh \u0111\u00f2i h\u1ecfi ph\u1ea3i \u0111i\u1ec1u tr\u1ecb kh\u1ea9n c\u1ea5p","og_url":"https:\/\/pkanphu.com\/?page_id=686","og_site_name":"Ph\u00f2ng Kh\u00e1m \u0110a Khoa Qu\u1ed1c T\u1ebf An Ph\u00fa","article_modified_time":"2018-10-23T08:22:42+00:00","og_image":[{"url":"http:\/\/pkanphu.com\/wp-content\/uploads\/2018\/09\/cap-cuu.jpg"}],"twitter_card":"summary_large_image","schema":{"@context":"https:\/\/schema.org","@graph":[{"@type":"WebPage","@id":"https:\/\/pkanphu.com\/?page_id=686","url":"https:\/\/pkanphu.com\/?page_id=686","name":"Khoa H\u1ed3i S\u1ee9c C\u1ea5p C\u1ee9u - Ph\u00f2ng Kh\u00e1m \u0110a Khoa Qu\u1ed1c T\u1ebf An Ph\u00fa","isPartOf":{"@id":"https:\/\/pkanphu.com\/#website"},"datePublished":"2018-09-23T14:12:52+00:00","dateModified":"2018-10-23T08:22:42+00:00","description":"Khoa h\u1ed3i s\u1ee9c c\u1ea5p c\u1ee9u l\u00e0 khoa chuy\u00ean ch\u0103m s\u00f3c cho c\u1ea3 ng\u01b0\u1eddi l\u1edbn v\u00e0 em b\u00e9 b\u1ecb c\u00e1c b\u1ec7nh c\u1ea5p t\u00ednh \u0111\u00f2i h\u1ecfi ph\u1ea3i \u0111i\u1ec1u tr\u1ecb kh\u1ea9n c\u1ea5p","breadcrumb":{"@id":"https:\/\/pkanphu.com\/?page_id=686#breadcrumb"},"inLanguage":"vi","potentialAction":[{"@type":"ReadAction","target":["https:\/\/pkanphu.com\/?page_id=686"]}]},{"@type":"BreadcrumbList","@id":"https:\/\/pkanphu.com\/?page_id=686#breadcrumb","itemListElement":[{"@type":"ListItem","position":1,"name":"Home","item":"https:\/\/pkanphu.com\/"},{"@type":"ListItem","position":2,"name":"Khoa H\u1ed3i S\u1ee9c C\u1ea5p C\u1ee9u"}]},{"@type":"WebSite","@id":"https:\/\/pkanphu.com\/#website","url":"https:\/\/pkanphu.com\/","name":"Ph\u00f2ng Kh\u00e1m \u0110a Khoa Qu\u1ed1c T\u1ebf An Ph\u00fa","description":"","potentialAction":[{"@type":"SearchAction","target":{"@type":"EntryPoint","urlTemplate":"https:\/\/pkanphu.com\/?s={search_term_string}"},"query-input":"required name=search_term_string"}],"inLanguage":"vi"}]}},"_links":{"self":[{"href":"https:\/\/pkanphu.com\/index.php?rest_route=\/wp\/v2\/pages\/686","targetHints":{"allow":["GET"]}}],"collection":[{"href":"https:\/\/pkanphu.com\/index.php?rest_route=\/wp\/v2\/pages"}],"about":[{"href":"https:\/\/pkanphu.com\/index.php?rest_route=\/wp\/v2\/types\/page"}],"author":[{"embeddable":true,"href":"https:\/\/pkanphu.com\/index.php?rest_route=\/wp\/v2\/users\/1"}],"replies":[{"embeddable":true,"href":"https:\/\/pkanphu.com\/index.php?rest_route=%2Fwp%2Fv2%2Fcomments&post=686"}],"version-history":[{"count":1,"href":"https:\/\/pkanphu.com\/index.php?rest_route=\/wp\/v2\/pages\/686\/revisions"}],"predecessor-version":[{"id":688,"href":"https:\/\/pkanphu.com\/index.php?rest_route=\/wp\/v2\/pages\/686\/revisions\/688"}],"wp:attachment":[{"href":"https:\/\/pkanphu.com\/index.php?rest_route=%2Fwp%2Fv2%2Fmedia&parent=686"}],"curies":[{"name":"wp","href":"https:\/\/api.w.org\/{rel}","templated":true}]}}