{"id":670,"date":"2018-09-23T18:02:48","date_gmt":"2018-09-23T11:02:48","guid":{"rendered":"http:\/\/pkanphu.com\/?page_id=670"},"modified":"2023-12-05T13:22:05","modified_gmt":"2023-12-05T06:22:05","slug":"khoa-rang-ham-mat","status":"publish","type":"page","link":"https:\/\/pkanphu.com\/?page_id=670","title":{"rendered":"Khoa R\u0103ng H\u00e0m M\u1eb7t"},"content":{"rendered":"<table border=\"1px\">\n<tbody>\n<tr>\n<td width=\"60\">B\u00e1c s\u0129 ph\u1ee5 tr\u00e1ch:<\/td>\n<td width=\"312\">BS. N\u00f4ng Th\u1ecb T\u00fa Uy\u00ean<\/td>\n<\/tr>\n<tr>\n<td width=\"60\">CCHN:<\/td>\n<td width=\"312\">002513\/\u0110NO &#8211; CCHN<\/td>\n<\/tr>\n<tr>\n<td width=\"60\">Chuy\u00ean m\u00f4n:<\/td>\n<td width=\"312\">Kh\u00e1m ch\u1eefa b\u1ec7nh chuy\u00ean khoa R\u0103ng H\u00e0m M\u1eb7t<\/td>\n<\/tr>\n<tr>\n<td width=\"60\">Ch\u1ee9c v\u1ee5:<\/td>\n<td width=\"312\">B\u00e1c s\u0129 \u0111i\u1ec1u tr\u1ecb chuy\u00ean khoa R\u0103ng H\u00e0m M\u1eb7t<\/td>\n<\/tr>\n<tr>\n<td width=\"60\">L\u1ecbch c\u00f4ng t\u00e1c:<\/td>\n<td width=\"312\">Th\u1ee9 hai &#8211; ch\u1ee7 nh\u1eadt,<br \/>\nL\u00e0m vi\u1ec7c t\u1eeb: 7gi\u1edd 00 \u2013 19 gi\u1edd 30<\/td>\n<\/tr>\n<\/tbody>\n<\/table>\n<p>Gi\u1edbi thi\u1ec7u:<\/p>\n<p>Khi r\u0103ng b\u1ecb t\u1ed5n th\u01b0\u01a1ng, khi\u1ebfm khuy\u1ebft ho\u1eb7c c\u00f3 c\u00e1c b\u1ec7nh l\u00fd nh\u01b0 r\u0103ng m\u1ecdc l\u1ec7ch, m\u1ea5t r\u0103ng, s\u00e2u r\u0103ng,\u2026ngo\u00e0i s\u1ef1 kh\u00f3 ch\u1ecbu nh\u01b0 \u0111au nh\u1ee9c, h\u00f4i mi\u1ec7ng, gi\u1ea3m s\u1ee9c nhai,\u2026c\u00f2n c\u00f3 nh\u1eefng b\u1ec7nh ph\u00e1t sinh k\u00e8m theo m\u00e0 ng\u01b0\u1eddi b\u1ec7nh kh\u00f4ng bi\u1ebft \u0111\u01b0\u1ee3c nh\u01b0 \u0111au d\u1ea1 d\u00e0y, kh\u00f3 ti\u00eau, \u0111\u1ea7y h\u01a1i, b\u1ec7nh v\u1ec1 tai m\u0169i h\u1ecdng,\u2026d\u1eabn \u0111\u1ebfn gi\u1ea3m s\u00fat s\u1ee9c kh\u1ecfe, \u1ea3nh h\u01b0\u1edfng \u0111\u1ebfn th\u1ea9m m\u1ef9, m\u1ea5t t\u1ef1 tin trong giao ti\u1ebfp, l\u00e0m vi\u1ec7c thi\u1ebfu hi\u1ec7u qu\u1ea3&#8230; C\u00f3 l\u1ebd v\u00ec th\u1ebf m\u00e0 kh\u00f4ng bi\u1ebft t\u1eeb bao gi\u1edd ng\u01b0\u1eddi \u0111\u1eddi c\u00f3 c\u00e2u: &#8220;H\u00e0m r\u0103ng m\u00e1i t\u00f3c l\u00e0 v\u00f3c con ng\u01b0\u1eddi&#8221;. V\u00ec v\u1eady, khi c\u00f3 b\u1ea5t k\u1ef3 b\u1ec7nh l\u00fd li\u00ean quan \u0111\u1ebfn r\u0103ng mi\u1ec7ng h\u00e3y \u0111\u1ebfn Ph\u00f2ng Kh\u00e1m \u0110a Khoa Qu\u1ed1c T\u1ebf An Ph\u00fa \u0111\u1ec3 \u0111\u01b0\u1ee3c th\u0103m kh\u00e1m v\u00e0 ch\u1eefa tr\u1ecb s\u1edbm nh\u1eb1m tr\u00e1nh d\u1eabn \u0111\u1ebfn c\u00e1c b\u1ec7nh l\u00fd nh\u01b0 \u0111\u00e3 \u0111\u1ec1 c\u1eadp tr\u00ean \u0111\u00e2y.<\/p>\n<p>Ph\u00f2ng Kh\u00e1m \u0110a Khoa Qu\u1ed1c T\u1ebf c\u00f3 ch\u1ee9c n\u0103ng kh\u00e1m ch\u1eefa b\u1ec7nh v\u1edbi nhi\u1ec1u chuy\u00ean khoa, trong \u0111\u00f3 R\u0103ng H\u00e0m M\u1eb7t l\u00e0 m\u1ed9t trong nh\u1eefng chuy\u00ean khoa \u0111\u01b0\u1ee3c \u0111\u1ea7u t\u01b0 \u0111\u1ea7y \u0111\u1ee7 trang thi\u1ebft b\u1ecb v\u00e0 nh\u00e2n s\u1ef1\u00a0\u0111\u1ec3 ch\u0103m s\u00f3c v\u00e0 gi\u1ea3i quy\u1ebft tri\u1ec7t \u0111\u1ec3 c\u00e1c b\u1ec7nh l\u00fd r\u0103ng h\u00e0m m\u1eb7t, \u01b0u \u0111i\u1ec3m khoa r\u0103ng h\u00e0m m\u1eb7t c\u1ee7a An Ph\u00fa so v\u1edbi c\u00e1c \u0111\u01a1n v\u1ecb nha khoa \u0111\u1ed9c l\u1eadp \u0111\u00f3 l\u00e0 c\u00f3 s\u1ef1 ph\u1ed1i h\u1ee3p li\u00ean th\u00f4ng v\u1edbi c\u00e1c chuy\u00ean khoa kh\u00e1c trong c\u00f9ng trung t\u00e2m nh\u01b0 x\u00e9t nghi\u1ec7m, X-Quang, si\u00eau \u00e2m, n\u1ed9i, ngo\u1ea1i, tai m\u0169i h\u1ecdng,\u2026 khi c\u1ea7n tham v\u1ea5n, h\u1ed9i ch\u1ea9n \u0111\u1ec3 \u0111i\u1ec1u tr\u1ecb nh\u1eefng b\u1ec7nh kh\u00e1c c\u00f3 nguy\u00ean nh\u00e2n t\u1eeb r\u0103ng h\u00e0m m\u1eb7t (nh\u01b0 \u0111au d\u1ea1 d\u00e0y, \u0111\u1ea7y h\u01a1i, tai m\u0169i h\u1ecdng,\u2026k\u1ec3 tr\u00ean).<\/p>\n<p><img loading=\"lazy\" decoding=\"async\" class=\"size-full wp-image-671 aligncenter\" src=\"http:\/\/pkanphu.com\/wp-content\/uploads\/2018\/09\/rang-ham-mat.jpg\" alt=\"\" width=\"522\" height=\"325\" \/><\/p>\n","protected":false},"excerpt":{"rendered":"<p>B\u00e1c s\u0129 ph\u1ee5 tr\u00e1ch: BS. N\u00f4ng Th\u1ecb T\u00fa Uy\u00ean CCHN: 002513\/\u0110NO &#8211; CCHN Chuy\u00ean m\u00f4n: Kh\u00e1m ch\u1eefa b\u1ec7nh chuy\u00ean khoa R\u0103ng H\u00e0m M\u1eb7t Ch\u1ee9c v\u1ee5: B\u00e1c s\u0129 \u0111i\u1ec1u tr\u1ecb chuy\u00ean khoa R\u0103ng H\u00e0m M\u1eb7t L\u1ecbch c\u00f4ng t\u00e1c: Th\u1ee9 hai &#8211; ch\u1ee7 nh\u1eadt, L\u00e0m vi\u1ec7c t\u1eeb: 7gi\u1edd 00 \u2013 19 gi\u1edd 30 Gi\u1edbi thi\u1ec7u: Khi r\u0103ng &#8230;<\/p>\n","protected":false},"author":1,"featured_media":0,"parent":0,"menu_order":0,"comment_status":"closed","ping_status":"closed","template":"","meta":{"footnotes":""},"class_list":["post-670","page","type-page","status-publish","hentry"],"yoast_head":"<!-- This site is optimized with the Yoast SEO plugin v21.6 - https:\/\/yoast.com\/wordpress\/plugins\/seo\/ -->\n<title>Khoa R\u0103ng H\u00e0m M\u1eb7t - Ph\u00f2ng Kh\u00e1m \u0110a Khoa Qu\u1ed1c T\u1ebf An Ph\u00fa<\/title>\n<meta name=\"description\" content=\"Ph\u00f2ng Kh\u00e1m \u0110a Khoa Qu\u1ed1c T\u1ebf c\u00f3 ch\u1ee9c n\u0103ng kh\u00e1m ch\u1eefa b\u1ec7nh v\u1edbi nhi\u1ec1u chuy\u00ean khoa, trong \u0111\u00f3 R\u0103ng H\u00e0m M\u1eb7t l\u00e0 m\u1ed9t trong nh\u1eefng chuy\u00ean khoa \u0111\u01b0\u1ee3c \u0111\u1ea7u t\u01b0 \u0111\u1ea7y \u0111\u1ee7 trang thi\u1ebft b\u1ecb v\u00e0 nh\u00e2n s\u1ef1\u00a0\u0111\u1ec3 ch\u0103m s\u00f3c v\u00e0 gi\u1ea3i quy\u1ebft tri\u1ec7t \u0111\u1ec3 c\u00e1c b\u1ec7nh l\u00fd r\u0103ng h\u00e0m m\u1eb7t\" \/>\n<meta name=\"robots\" content=\"index, follow, max-snippet:-1, max-image-preview:large, max-video-preview:-1\" \/>\n<link rel=\"canonical\" href=\"https:\/\/pkanphu.com\/?page_id=670\" \/>\n<meta property=\"og:locale\" content=\"vi_VN\" \/>\n<meta property=\"og:type\" content=\"article\" \/>\n<meta property=\"og:title\" content=\"Khoa R\u0103ng H\u00e0m M\u1eb7t - Ph\u00f2ng Kh\u00e1m \u0110a Khoa Qu\u1ed1c T\u1ebf An Ph\u00fa\" \/>\n<meta property=\"og:description\" content=\"Ph\u00f2ng Kh\u00e1m \u0110a Khoa Qu\u1ed1c T\u1ebf c\u00f3 ch\u1ee9c n\u0103ng kh\u00e1m ch\u1eefa b\u1ec7nh v\u1edbi nhi\u1ec1u chuy\u00ean khoa, trong \u0111\u00f3 R\u0103ng H\u00e0m M\u1eb7t l\u00e0 m\u1ed9t trong nh\u1eefng chuy\u00ean khoa \u0111\u01b0\u1ee3c \u0111\u1ea7u t\u01b0 \u0111\u1ea7y \u0111\u1ee7 trang thi\u1ebft b\u1ecb v\u00e0 nh\u00e2n s\u1ef1\u00a0\u0111\u1ec3 ch\u0103m s\u00f3c v\u00e0 gi\u1ea3i quy\u1ebft tri\u1ec7t \u0111\u1ec3 c\u00e1c b\u1ec7nh l\u00fd r\u0103ng h\u00e0m m\u1eb7t\" \/>\n<meta property=\"og:url\" content=\"https:\/\/pkanphu.com\/?page_id=670\" \/>\n<meta property=\"og:site_name\" content=\"Ph\u00f2ng Kh\u00e1m \u0110a Khoa Qu\u1ed1c T\u1ebf An Ph\u00fa\" \/>\n<meta property=\"article:modified_time\" content=\"2023-12-05T06:22:05+00:00\" \/>\n<meta property=\"og:image\" content=\"http:\/\/pkanphu.com\/wp-content\/uploads\/2018\/09\/rang-ham-mat.jpg\" \/>\n<meta name=\"twitter:card\" content=\"summary_large_image\" \/>\n<meta name=\"twitter:label1\" content=\"\u01af\u1edbc t\u00ednh th\u1eddi gian \u0111\u1ecdc\" \/>\n\t<meta name=\"twitter:data1\" content=\"2 ph\u00fat\" \/>\n<script type=\"application\/ld+json\" class=\"yoast-schema-graph\">{\"@context\":\"https:\/\/schema.org\",\"@graph\":[{\"@type\":\"WebPage\",\"@id\":\"https:\/\/pkanphu.com\/?page_id=670\",\"url\":\"https:\/\/pkanphu.com\/?page_id=670\",\"name\":\"Khoa R\u0103ng H\u00e0m M\u1eb7t - Ph\u00f2ng Kh\u00e1m \u0110a Khoa Qu\u1ed1c T\u1ebf An Ph\u00fa\",\"isPartOf\":{\"@id\":\"https:\/\/pkanphu.com\/#website\"},\"datePublished\":\"2018-09-23T11:02:48+00:00\",\"dateModified\":\"2023-12-05T06:22:05+00:00\",\"description\":\"Ph\u00f2ng Kh\u00e1m \u0110a Khoa Qu\u1ed1c T\u1ebf c\u00f3 ch\u1ee9c n\u0103ng kh\u00e1m ch\u1eefa b\u1ec7nh v\u1edbi nhi\u1ec1u chuy\u00ean khoa, trong \u0111\u00f3 R\u0103ng H\u00e0m M\u1eb7t l\u00e0 m\u1ed9t trong nh\u1eefng chuy\u00ean khoa \u0111\u01b0\u1ee3c \u0111\u1ea7u t\u01b0 \u0111\u1ea7y \u0111\u1ee7 trang thi\u1ebft b\u1ecb v\u00e0 nh\u00e2n s\u1ef1\u00a0\u0111\u1ec3 ch\u0103m s\u00f3c v\u00e0 gi\u1ea3i quy\u1ebft tri\u1ec7t \u0111\u1ec3 c\u00e1c b\u1ec7nh l\u00fd r\u0103ng h\u00e0m m\u1eb7t\",\"breadcrumb\":{\"@id\":\"https:\/\/pkanphu.com\/?page_id=670#breadcrumb\"},\"inLanguage\":\"vi\",\"potentialAction\":[{\"@type\":\"ReadAction\",\"target\":[\"https:\/\/pkanphu.com\/?page_id=670\"]}]},{\"@type\":\"BreadcrumbList\",\"@id\":\"https:\/\/pkanphu.com\/?page_id=670#breadcrumb\",\"itemListElement\":[{\"@type\":\"ListItem\",\"position\":1,\"name\":\"Home\",\"item\":\"https:\/\/pkanphu.com\/\"},{\"@type\":\"ListItem\",\"position\":2,\"name\":\"Khoa R\u0103ng H\u00e0m M\u1eb7t\"}]},{\"@type\":\"WebSite\",\"@id\":\"https:\/\/pkanphu.com\/#website\",\"url\":\"https:\/\/pkanphu.com\/\",\"name\":\"Ph\u00f2ng Kh\u00e1m \u0110a Khoa Qu\u1ed1c T\u1ebf An Ph\u00fa\",\"description\":\"\",\"potentialAction\":[{\"@type\":\"SearchAction\",\"target\":{\"@type\":\"EntryPoint\",\"urlTemplate\":\"https:\/\/pkanphu.com\/?s={search_term_string}\"},\"query-input\":\"required name=search_term_string\"}],\"inLanguage\":\"vi\"}]}<\/script>\n<!-- \/ Yoast SEO plugin. -->","yoast_head_json":{"title":"Khoa R\u0103ng H\u00e0m M\u1eb7t - Ph\u00f2ng Kh\u00e1m \u0110a Khoa Qu\u1ed1c T\u1ebf An Ph\u00fa","description":"Ph\u00f2ng Kh\u00e1m \u0110a Khoa Qu\u1ed1c T\u1ebf c\u00f3 ch\u1ee9c n\u0103ng kh\u00e1m ch\u1eefa b\u1ec7nh v\u1edbi nhi\u1ec1u chuy\u00ean khoa, trong \u0111\u00f3 R\u0103ng H\u00e0m M\u1eb7t l\u00e0 m\u1ed9t trong nh\u1eefng chuy\u00ean khoa \u0111\u01b0\u1ee3c \u0111\u1ea7u t\u01b0 \u0111\u1ea7y \u0111\u1ee7 trang thi\u1ebft b\u1ecb v\u00e0 nh\u00e2n s\u1ef1\u00a0\u0111\u1ec3 ch\u0103m s\u00f3c v\u00e0 gi\u1ea3i quy\u1ebft tri\u1ec7t \u0111\u1ec3 c\u00e1c b\u1ec7nh l\u00fd r\u0103ng h\u00e0m m\u1eb7t","robots":{"index":"index","follow":"follow","max-snippet":"max-snippet:-1","max-image-preview":"max-image-preview:large","max-video-preview":"max-video-preview:-1"},"canonical":"https:\/\/pkanphu.com\/?page_id=670","og_locale":"vi_VN","og_type":"article","og_title":"Khoa R\u0103ng H\u00e0m M\u1eb7t - Ph\u00f2ng Kh\u00e1m \u0110a Khoa Qu\u1ed1c T\u1ebf An Ph\u00fa","og_description":"Ph\u00f2ng Kh\u00e1m \u0110a Khoa Qu\u1ed1c T\u1ebf c\u00f3 ch\u1ee9c n\u0103ng kh\u00e1m ch\u1eefa b\u1ec7nh v\u1edbi nhi\u1ec1u chuy\u00ean khoa, trong \u0111\u00f3 R\u0103ng H\u00e0m M\u1eb7t l\u00e0 m\u1ed9t trong nh\u1eefng chuy\u00ean khoa \u0111\u01b0\u1ee3c \u0111\u1ea7u t\u01b0 \u0111\u1ea7y \u0111\u1ee7 trang thi\u1ebft b\u1ecb v\u00e0 nh\u00e2n s\u1ef1\u00a0\u0111\u1ec3 ch\u0103m s\u00f3c v\u00e0 gi\u1ea3i quy\u1ebft tri\u1ec7t \u0111\u1ec3 c\u00e1c b\u1ec7nh l\u00fd r\u0103ng h\u00e0m m\u1eb7t","og_url":"https:\/\/pkanphu.com\/?page_id=670","og_site_name":"Ph\u00f2ng Kh\u00e1m \u0110a Khoa Qu\u1ed1c T\u1ebf An Ph\u00fa","article_modified_time":"2023-12-05T06:22:05+00:00","og_image":[{"url":"http:\/\/pkanphu.com\/wp-content\/uploads\/2018\/09\/rang-ham-mat.jpg"}],"twitter_card":"summary_large_image","twitter_misc":{"\u01af\u1edbc t\u00ednh th\u1eddi gian \u0111\u1ecdc":"2 ph\u00fat"},"schema":{"@context":"https:\/\/schema.org","@graph":[{"@type":"WebPage","@id":"https:\/\/pkanphu.com\/?page_id=670","url":"https:\/\/pkanphu.com\/?page_id=670","name":"Khoa R\u0103ng H\u00e0m M\u1eb7t - Ph\u00f2ng Kh\u00e1m \u0110a Khoa Qu\u1ed1c T\u1ebf An Ph\u00fa","isPartOf":{"@id":"https:\/\/pkanphu.com\/#website"},"datePublished":"2018-09-23T11:02:48+00:00","dateModified":"2023-12-05T06:22:05+00:00","description":"Ph\u00f2ng Kh\u00e1m \u0110a Khoa Qu\u1ed1c T\u1ebf c\u00f3 ch\u1ee9c n\u0103ng kh\u00e1m ch\u1eefa b\u1ec7nh v\u1edbi nhi\u1ec1u chuy\u00ean khoa, trong \u0111\u00f3 R\u0103ng H\u00e0m M\u1eb7t l\u00e0 m\u1ed9t trong nh\u1eefng chuy\u00ean khoa \u0111\u01b0\u1ee3c \u0111\u1ea7u t\u01b0 \u0111\u1ea7y \u0111\u1ee7 trang thi\u1ebft b\u1ecb v\u00e0 nh\u00e2n s\u1ef1\u00a0\u0111\u1ec3 ch\u0103m s\u00f3c v\u00e0 gi\u1ea3i quy\u1ebft tri\u1ec7t \u0111\u1ec3 c\u00e1c b\u1ec7nh l\u00fd r\u0103ng h\u00e0m m\u1eb7t","breadcrumb":{"@id":"https:\/\/pkanphu.com\/?page_id=670#breadcrumb"},"inLanguage":"vi","potentialAction":[{"@type":"ReadAction","target":["https:\/\/pkanphu.com\/?page_id=670"]}]},{"@type":"BreadcrumbList","@id":"https:\/\/pkanphu.com\/?page_id=670#breadcrumb","itemListElement":[{"@type":"ListItem","position":1,"name":"Home","item":"https:\/\/pkanphu.com\/"},{"@type":"ListItem","position":2,"name":"Khoa R\u0103ng H\u00e0m M\u1eb7t"}]},{"@type":"WebSite","@id":"https:\/\/pkanphu.com\/#website","url":"https:\/\/pkanphu.com\/","name":"Ph\u00f2ng Kh\u00e1m \u0110a Khoa Qu\u1ed1c T\u1ebf An Ph\u00fa","description":"","potentialAction":[{"@type":"SearchAction","target":{"@type":"EntryPoint","urlTemplate":"https:\/\/pkanphu.com\/?s={search_term_string}"},"query-input":"required name=search_term_string"}],"inLanguage":"vi"}]}},"_links":{"self":[{"href":"https:\/\/pkanphu.com\/index.php?rest_route=\/wp\/v2\/pages\/670","targetHints":{"allow":["GET"]}}],"collection":[{"href":"https:\/\/pkanphu.com\/index.php?rest_route=\/wp\/v2\/pages"}],"about":[{"href":"https:\/\/pkanphu.com\/index.php?rest_route=\/wp\/v2\/types\/page"}],"author":[{"embeddable":true,"href":"https:\/\/pkanphu.com\/index.php?rest_route=\/wp\/v2\/users\/1"}],"replies":[{"embeddable":true,"href":"https:\/\/pkanphu.com\/index.php?rest_route=%2Fwp%2Fv2%2Fcomments&post=670"}],"version-history":[{"count":5,"href":"https:\/\/pkanphu.com\/index.php?rest_route=\/wp\/v2\/pages\/670\/revisions"}],"predecessor-version":[{"id":1336,"href":"https:\/\/pkanphu.com\/index.php?rest_route=\/wp\/v2\/pages\/670\/revisions\/1336"}],"wp:attachment":[{"href":"https:\/\/pkanphu.com\/index.php?rest_route=%2Fwp%2Fv2%2Fmedia&parent=670"}],"curies":[{"name":"wp","href":"https:\/\/api.w.org\/{rel}","templated":true}]}}