{"id":665,"date":"2018-09-23T17:57:41","date_gmt":"2018-09-23T10:57:41","guid":{"rendered":"http:\/\/pkanphu.com\/?page_id=665"},"modified":"2023-12-06T09:35:44","modified_gmt":"2023-12-06T02:35:44","slug":"khoa-xet-nhiem","status":"publish","type":"page","link":"https:\/\/pkanphu.com\/?page_id=665","title":{"rendered":"Khoa X\u00e9t Nhi\u1ec7m"},"content":{"rendered":"<table border=\"1px\">\n<tbody>\n<tr>\n<td width=\"60\">Ng\u01b0\u1eddi ph\u1ee5 tr\u00e1ch:<\/td>\n<td width=\"312\">Nguy\u1ec5n Th\u1ecb Ng\u1ecdc Huy\u1ec1n<\/td>\n<\/tr>\n<tr>\n<td width=\"60\">CCHN:<\/td>\n<td width=\"312\">003173\/HCM-CCHN<\/td>\n<\/tr>\n<tr>\n<td width=\"60\">Chuy\u00ean m\u00f4n:<\/td>\n<td width=\"312\">Chuy\u00ean khoa X\u00e9t nghi\u1ec7m<\/td>\n<\/tr>\n<tr>\n<td width=\"60\">Ch\u1ee9c v\u1ee5:<\/td>\n<td width=\"312\">Ng\u01b0\u1eddi ph\u1ee5 tr\u00e1ch chuy\u00ean khoa v\u00e0 th\u1ef1c hi\u1ec7n kh\u00e1m ch\u1eefa b\u1ec7nh chuy\u00ean khoa X\u00e9t nghi\u1ec7m<\/td>\n<\/tr>\n<tr>\n<td width=\"60\">L\u1ecbch c\u00f4ng t\u00e1c:<\/td>\n<td width=\"312\">Th\u1ee9 hai &#8211; ch\u1ee7 nh\u1eadt,<br \/>\nL\u00e0m vi\u1ec7c t\u1eeb: 7gi\u1edd 00 \u2013 19 gi\u1edd 30<\/td>\n<\/tr>\n<\/tbody>\n<\/table>\n<p>Gi\u1edbi thi\u1ec7u:<\/p>\n<p class=\"p1\">V\u1edbi \u0111\u1ed9i ng\u0169 k\u1ef9 thu\u1eadt vi\u00ean nhi\u1ec1u kinh nghi\u1ec7m, ph\u00f2ng th\u00ed nghi\u1ec7m c\u1ee7a Ph\u00f2ng Kh\u00e1m \u0110a Khoa Qu\u1ed1c t\u1ebf An Ph\u00fa cung c\u1ea5p d\u1ecbch v\u1ee5 x\u00e9t nghi\u1ec7m ch\u00ednh x\u00e1c, v\u00e0 nhanh ch\u00f3ng, nh\u1edd s\u1eed d\u1ee5ng trang thi\u1ebft b\u1ecb ti\u00ean ti\u1ebfn k\u1ebft h\u1ee3p v\u1edbi c\u00f4ng ngh\u1ec7 hi\u1ec7n \u0111\u1ea1i v\u00e0 c\u00e1c ti\u00eau chu\u1ea9n \u0111\u00e1nh gi\u00e1 th\u01b0\u1eddng xuy\u00ean nh\u1eb1m \u0111\u1ea3m b\u1ea3o ch\u1ea5t l\u01b0\u1ee3ng.<\/p>\n<p class=\"p1\">Ph\u00f2ng th\u00ed nghi\u1ec7m c\u1ee7a ch\u00fang t\u00f4i lu\u00f4n mang \u0111\u1ebfn cho b\u1ec7nh nh\u00e2n v\u00e0 c\u00e1c b\u00e1c s\u0129 d\u1ecbch v\u1ee5 t\u1ed1t nh\u1ea5t trong th\u1eddi gian nhanh nh\u1ea5t.<\/p>\n<p class=\"p1\">C\u00e1c d\u1ecbch v\u1ee5 c\u1ee7a ch\u00fang t\u00f4i bao g\u1ed3m t\u1ea7m so\u00e1t c\u00e1c b\u1ec7nh truy\u1ec1n nhi\u1ec5m, ph\u00e2n t\u00edch m\u1eabu m\u00e1u, n\u01b0\u1edbc ti\u1ec3u v\u00e0 ph\u00e2n nh\u1eb1m cung c\u1ea5p m\u1ed9t h\u1ed3 s\u01a1 ho\u00e0n ch\u1ec9nh v\u1ec1 t\u00ecnh tr\u1ea1ng h\u00f3a sinh, mi\u1ec5n d\u1ecbch v\u00e0 vi tr\u00f9ng c\u1ee7a c\u01a1 th\u1ec3, cho ph\u00e9p ch\u1ea9n \u0111o\u00e1n t\u1ee9c th\u1eddi v\u00e0 chu\u1ea9n b\u1ecb ph\u01b0\u01a1ng \u00e1n \u0111i\u1ec1u tr\u1ecb th\u00edch h\u1ee3p. Ngo\u00e0i ra, ch\u00fang t\u00f4i c\u00f2n th\u1ef1c hi\u1ec7n nhi\u1ec1u x\u00e9t nghi\u1ec7m \u0111\u00e1p \u1ee9ng m\u1ecdi nhu c\u1ea7u kh\u00e1m s\u1ee9c kho\u1ebb cho doanh nghi\u1ec7p v\u00e0 c\u00e1 nh\u00e2n.<\/p>\n<p><img loading=\"lazy\" decoding=\"async\" class=\"size-full wp-image-666 aligncenter\" src=\"http:\/\/pkanphu.com\/wp-content\/uploads\/2018\/09\/khoa-xet-nghiem.jpg\" alt=\"\" width=\"577\" height=\"289\" \/><\/p>\n","protected":false},"excerpt":{"rendered":"<p>Ng\u01b0\u1eddi ph\u1ee5 tr\u00e1ch: Nguy\u1ec5n Th\u1ecb Ng\u1ecdc Huy\u1ec1n CCHN: 003173\/HCM-CCHN Chuy\u00ean m\u00f4n: Chuy\u00ean khoa X\u00e9t nghi\u1ec7m Ch\u1ee9c v\u1ee5: Ng\u01b0\u1eddi ph\u1ee5 tr\u00e1ch chuy\u00ean khoa v\u00e0 th\u1ef1c hi\u1ec7n kh\u00e1m ch\u1eefa b\u1ec7nh chuy\u00ean khoa X\u00e9t nghi\u1ec7m L\u1ecbch c\u00f4ng t\u00e1c: Th\u1ee9 hai &#8211; ch\u1ee7 nh\u1eadt, L\u00e0m vi\u1ec7c t\u1eeb: 7gi\u1edd 00 \u2013 19 gi\u1edd 30 Gi\u1edbi thi\u1ec7u: V\u1edbi \u0111\u1ed9i ng\u0169 k\u1ef9 &#8230;<\/p>\n","protected":false},"author":1,"featured_media":0,"parent":0,"menu_order":0,"comment_status":"closed","ping_status":"closed","template":"","meta":{"footnotes":""},"class_list":["post-665","page","type-page","status-publish","hentry"],"yoast_head":"<!-- This site is optimized with the Yoast SEO plugin v21.6 - https:\/\/yoast.com\/wordpress\/plugins\/seo\/ -->\n<title>Khoa X\u00e9t Nhi\u1ec7m - Ph\u00f2ng Kh\u00e1m \u0110a Khoa Qu\u1ed1c T\u1ebf An Ph\u00fa<\/title>\n<meta name=\"description\" content=\"Khoa x\u00e9t nghi\u1ec7m: V\u1edbi \u0111\u1ed9i ng\u0169 k\u1ef9 thu\u1eadt vi\u00ean nhi\u1ec1u kinh nghi\u1ec7m, ph\u00f2ng th\u00ed nghi\u1ec7m c\u1ee7a Ph\u00f2ng Kh\u00e1m \u0110a Khoa Qu\u1ed1c t\u1ebf An Ph\u00fa cung c\u1ea5p d\u1ecbch v\u1ee5 x\u00e9t nghi\u1ec7m ch\u00ednh x\u00e1c\" \/>\n<meta name=\"robots\" content=\"index, follow, max-snippet:-1, max-image-preview:large, max-video-preview:-1\" \/>\n<link rel=\"canonical\" href=\"https:\/\/pkanphu.com\/?page_id=665\" \/>\n<meta property=\"og:locale\" content=\"vi_VN\" \/>\n<meta property=\"og:type\" content=\"article\" \/>\n<meta property=\"og:title\" content=\"Khoa X\u00e9t Nhi\u1ec7m - Ph\u00f2ng Kh\u00e1m \u0110a Khoa Qu\u1ed1c T\u1ebf An Ph\u00fa\" \/>\n<meta property=\"og:description\" content=\"Khoa x\u00e9t nghi\u1ec7m: V\u1edbi \u0111\u1ed9i ng\u0169 k\u1ef9 thu\u1eadt vi\u00ean nhi\u1ec1u kinh nghi\u1ec7m, ph\u00f2ng th\u00ed nghi\u1ec7m c\u1ee7a Ph\u00f2ng Kh\u00e1m \u0110a Khoa Qu\u1ed1c t\u1ebf An Ph\u00fa cung c\u1ea5p d\u1ecbch v\u1ee5 x\u00e9t nghi\u1ec7m ch\u00ednh x\u00e1c\" \/>\n<meta property=\"og:url\" content=\"https:\/\/pkanphu.com\/?page_id=665\" \/>\n<meta property=\"og:site_name\" content=\"Ph\u00f2ng Kh\u00e1m \u0110a Khoa Qu\u1ed1c T\u1ebf An Ph\u00fa\" \/>\n<meta property=\"article:modified_time\" content=\"2023-12-06T02:35:44+00:00\" \/>\n<meta property=\"og:image\" content=\"http:\/\/pkanphu.com\/wp-content\/uploads\/2018\/09\/khoa-xet-nghiem.jpg\" \/>\n<meta name=\"twitter:card\" content=\"summary_large_image\" \/>\n<meta name=\"twitter:label1\" content=\"\u01af\u1edbc t\u00ednh th\u1eddi gian \u0111\u1ecdc\" \/>\n\t<meta name=\"twitter:data1\" content=\"2 ph\u00fat\" \/>\n<script type=\"application\/ld+json\" class=\"yoast-schema-graph\">{\"@context\":\"https:\/\/schema.org\",\"@graph\":[{\"@type\":\"WebPage\",\"@id\":\"https:\/\/pkanphu.com\/?page_id=665\",\"url\":\"https:\/\/pkanphu.com\/?page_id=665\",\"name\":\"Khoa X\u00e9t Nhi\u1ec7m - Ph\u00f2ng Kh\u00e1m \u0110a Khoa Qu\u1ed1c T\u1ebf An Ph\u00fa\",\"isPartOf\":{\"@id\":\"https:\/\/pkanphu.com\/#website\"},\"datePublished\":\"2018-09-23T10:57:41+00:00\",\"dateModified\":\"2023-12-06T02:35:44+00:00\",\"description\":\"Khoa x\u00e9t nghi\u1ec7m: V\u1edbi \u0111\u1ed9i ng\u0169 k\u1ef9 thu\u1eadt vi\u00ean nhi\u1ec1u kinh nghi\u1ec7m, ph\u00f2ng th\u00ed nghi\u1ec7m c\u1ee7a Ph\u00f2ng Kh\u00e1m \u0110a Khoa Qu\u1ed1c t\u1ebf An Ph\u00fa cung c\u1ea5p d\u1ecbch v\u1ee5 x\u00e9t nghi\u1ec7m ch\u00ednh x\u00e1c\",\"breadcrumb\":{\"@id\":\"https:\/\/pkanphu.com\/?page_id=665#breadcrumb\"},\"inLanguage\":\"vi\",\"potentialAction\":[{\"@type\":\"ReadAction\",\"target\":[\"https:\/\/pkanphu.com\/?page_id=665\"]}]},{\"@type\":\"BreadcrumbList\",\"@id\":\"https:\/\/pkanphu.com\/?page_id=665#breadcrumb\",\"itemListElement\":[{\"@type\":\"ListItem\",\"position\":1,\"name\":\"Home\",\"item\":\"https:\/\/pkanphu.com\/\"},{\"@type\":\"ListItem\",\"position\":2,\"name\":\"Khoa X\u00e9t Nhi\u1ec7m\"}]},{\"@type\":\"WebSite\",\"@id\":\"https:\/\/pkanphu.com\/#website\",\"url\":\"https:\/\/pkanphu.com\/\",\"name\":\"Ph\u00f2ng Kh\u00e1m \u0110a Khoa Qu\u1ed1c T\u1ebf An Ph\u00fa\",\"description\":\"\",\"potentialAction\":[{\"@type\":\"SearchAction\",\"target\":{\"@type\":\"EntryPoint\",\"urlTemplate\":\"https:\/\/pkanphu.com\/?s={search_term_string}\"},\"query-input\":\"required name=search_term_string\"}],\"inLanguage\":\"vi\"}]}<\/script>\n<!-- \/ Yoast SEO plugin. -->","yoast_head_json":{"title":"Khoa X\u00e9t Nhi\u1ec7m - Ph\u00f2ng Kh\u00e1m \u0110a Khoa Qu\u1ed1c T\u1ebf An Ph\u00fa","description":"Khoa x\u00e9t nghi\u1ec7m: V\u1edbi \u0111\u1ed9i ng\u0169 k\u1ef9 thu\u1eadt vi\u00ean nhi\u1ec1u kinh nghi\u1ec7m, ph\u00f2ng th\u00ed nghi\u1ec7m c\u1ee7a Ph\u00f2ng Kh\u00e1m \u0110a Khoa Qu\u1ed1c t\u1ebf An Ph\u00fa cung c\u1ea5p d\u1ecbch v\u1ee5 x\u00e9t nghi\u1ec7m ch\u00ednh x\u00e1c","robots":{"index":"index","follow":"follow","max-snippet":"max-snippet:-1","max-image-preview":"max-image-preview:large","max-video-preview":"max-video-preview:-1"},"canonical":"https:\/\/pkanphu.com\/?page_id=665","og_locale":"vi_VN","og_type":"article","og_title":"Khoa X\u00e9t Nhi\u1ec7m - Ph\u00f2ng Kh\u00e1m \u0110a Khoa Qu\u1ed1c T\u1ebf An Ph\u00fa","og_description":"Khoa x\u00e9t nghi\u1ec7m: V\u1edbi \u0111\u1ed9i ng\u0169 k\u1ef9 thu\u1eadt vi\u00ean nhi\u1ec1u kinh nghi\u1ec7m, ph\u00f2ng th\u00ed nghi\u1ec7m c\u1ee7a Ph\u00f2ng Kh\u00e1m \u0110a Khoa Qu\u1ed1c t\u1ebf An Ph\u00fa cung c\u1ea5p d\u1ecbch v\u1ee5 x\u00e9t nghi\u1ec7m ch\u00ednh x\u00e1c","og_url":"https:\/\/pkanphu.com\/?page_id=665","og_site_name":"Ph\u00f2ng Kh\u00e1m \u0110a Khoa Qu\u1ed1c T\u1ebf An Ph\u00fa","article_modified_time":"2023-12-06T02:35:44+00:00","og_image":[{"url":"http:\/\/pkanphu.com\/wp-content\/uploads\/2018\/09\/khoa-xet-nghiem.jpg"}],"twitter_card":"summary_large_image","twitter_misc":{"\u01af\u1edbc t\u00ednh th\u1eddi gian \u0111\u1ecdc":"2 ph\u00fat"},"schema":{"@context":"https:\/\/schema.org","@graph":[{"@type":"WebPage","@id":"https:\/\/pkanphu.com\/?page_id=665","url":"https:\/\/pkanphu.com\/?page_id=665","name":"Khoa X\u00e9t Nhi\u1ec7m - Ph\u00f2ng Kh\u00e1m \u0110a Khoa Qu\u1ed1c T\u1ebf An Ph\u00fa","isPartOf":{"@id":"https:\/\/pkanphu.com\/#website"},"datePublished":"2018-09-23T10:57:41+00:00","dateModified":"2023-12-06T02:35:44+00:00","description":"Khoa x\u00e9t nghi\u1ec7m: V\u1edbi \u0111\u1ed9i ng\u0169 k\u1ef9 thu\u1eadt vi\u00ean nhi\u1ec1u kinh nghi\u1ec7m, ph\u00f2ng th\u00ed nghi\u1ec7m c\u1ee7a Ph\u00f2ng Kh\u00e1m \u0110a Khoa Qu\u1ed1c t\u1ebf An Ph\u00fa cung c\u1ea5p d\u1ecbch v\u1ee5 x\u00e9t nghi\u1ec7m ch\u00ednh x\u00e1c","breadcrumb":{"@id":"https:\/\/pkanphu.com\/?page_id=665#breadcrumb"},"inLanguage":"vi","potentialAction":[{"@type":"ReadAction","target":["https:\/\/pkanphu.com\/?page_id=665"]}]},{"@type":"BreadcrumbList","@id":"https:\/\/pkanphu.com\/?page_id=665#breadcrumb","itemListElement":[{"@type":"ListItem","position":1,"name":"Home","item":"https:\/\/pkanphu.com\/"},{"@type":"ListItem","position":2,"name":"Khoa X\u00e9t Nhi\u1ec7m"}]},{"@type":"WebSite","@id":"https:\/\/pkanphu.com\/#website","url":"https:\/\/pkanphu.com\/","name":"Ph\u00f2ng Kh\u00e1m \u0110a Khoa Qu\u1ed1c T\u1ebf An Ph\u00fa","description":"","potentialAction":[{"@type":"SearchAction","target":{"@type":"EntryPoint","urlTemplate":"https:\/\/pkanphu.com\/?s={search_term_string}"},"query-input":"required name=search_term_string"}],"inLanguage":"vi"}]}},"_links":{"self":[{"href":"https:\/\/pkanphu.com\/index.php?rest_route=\/wp\/v2\/pages\/665","targetHints":{"allow":["GET"]}}],"collection":[{"href":"https:\/\/pkanphu.com\/index.php?rest_route=\/wp\/v2\/pages"}],"about":[{"href":"https:\/\/pkanphu.com\/index.php?rest_route=\/wp\/v2\/types\/page"}],"author":[{"embeddable":true,"href":"https:\/\/pkanphu.com\/index.php?rest_route=\/wp\/v2\/users\/1"}],"replies":[{"embeddable":true,"href":"https:\/\/pkanphu.com\/index.php?rest_route=%2Fwp%2Fv2%2Fcomments&post=665"}],"version-history":[{"count":3,"href":"https:\/\/pkanphu.com\/index.php?rest_route=\/wp\/v2\/pages\/665\/revisions"}],"predecessor-version":[{"id":1342,"href":"https:\/\/pkanphu.com\/index.php?rest_route=\/wp\/v2\/pages\/665\/revisions\/1342"}],"wp:attachment":[{"href":"https:\/\/pkanphu.com\/index.php?rest_route=%2Fwp%2Fv2%2Fmedia&parent=665"}],"curies":[{"name":"wp","href":"https:\/\/api.w.org\/{rel}","templated":true}]}}