{"id":659,"date":"2018-09-23T17:46:46","date_gmt":"2018-09-23T10:46:46","guid":{"rendered":"http:\/\/pkanphu.com\/?page_id=659"},"modified":"2018-10-23T15:14:52","modified_gmt":"2018-10-23T08:14:52","slug":"nha-thuoc","status":"publish","type":"page","link":"https:\/\/pkanphu.com\/?page_id=659","title":{"rendered":"Nh\u00e0 Thu\u1ed1c"},"content":{"rendered":"<p>Ngo\u1ea1i tr\u1eeb c\u00e1c tr\u01b0\u1eddng h\u1ee3p ph\u1ea3i can thi\u1ec7p ngo\u1ea1i khoa, \u0111a s\u1ed1 c\u00e1c tr\u01b0\u1eddng h\u1ee3p sau khi ch\u1ea9n \u0111o\u00e1n v\u00e0 \u0111\u1ecbnh b\u1ec7nh th\u00ec vi\u1ec7c ti\u1ebfp theo l\u00e0 ph\u1ea3i d\u00f9ng thu\u1ed1c. V\u00ec v\u1eady c\u00f3 th\u1ec3 n\u00f3i thu\u1ed1c l\u00e0 t\u00e1c nh\u00e2n quan tr\u1ecdng h\u00e0ng \u0111\u1ea7u trong \u0111i\u1ec1u tr\u1ecb. Mu\u1ed1n \u0111i\u1ec1u tr\u1ecb c\u00f3 hi\u1ec7u qu\u1ea3 th\u00ec ch\u1eafc ch\u1eafn thu\u1ed1c ph\u1ea3i t\u1ed1t, nh\u01b0 v\u1eady y\u00eau c\u1ea7u trong \u0111\u1ea3m b\u1ea3o ch\u1ea5t l\u01b0\u1ee3ng thu\u1ed1c l\u00e0 h\u1ebft s\u1ee9c quan tr\u1ecdng, bao g\u1ed3m r\u1ea5t nhi\u1ec1u kh\u00e2u: l\u1ef1a ch\u1ecdn s\u1ea3n ph\u1ea9m c\u00f3 ch\u1ea5t l\u01b0\u1ee3ng, \u0111\u01a1n v\u1ecb s\u1ea3n xu\u1ea5t \u2013 cung c\u1ea5p c\u00f3 uy t\u00edn, thu\u1ed1c c\u00f3 ngu\u1ed3n g\u1ed1c r\u00f5 r\u00e0ng, b\u1ea3o qu\u1ea3n trong \u0111i\u1ec1u ki\u1ec7n t\u1ed1i \u01b0u, gi\u00e1 c\u1ea3 t\u01b0\u01a1ng th\u00edch v\u1edbi ch\u1ea5t l\u01b0\u1ee3ng.<\/p>\n<p>V\u1edbi t\u1ea7m quan tr\u1ecdng nh\u01b0 v\u1eady c\u1ee7a thu\u1ed1c, Ph\u00f2ng Kh\u00e1m \u0110a Khoa Qu\u1ed1c T\u1ebf An Ph\u00fa \u0111\u00e3 \u0111\u1ea7u t\u01b0 to\u00e0n b\u1ed9 h\u1ec7 th\u1ed1ng nh\u00e0 thu\u1ed1c t\u1ea1i ph\u00f2ng kh\u00e1m \u0111\u1ea1t chu\u1ea9n GPP c\u1ee7a B\u1ed9 Y t\u1ebf (Good Pharmacy Practice \u2013 chu\u1ea9n Th\u1ef1c h\u00e0nh t\u1ed1t nh\u00e0 thu\u1ed1c), v\u1edbi chu\u1ea9n GPP n\u00e0y, t\u1ea5t c\u1ea3 c\u00e1c kh\u00e2u t\u1eeb l\u1ef1a ch\u1ecdn s\u1ea3n ph\u1ea9m, l\u1ef1a ch\u1ecdn nh\u00e0 cung c\u1ea5p, b\u1ea3o qu\u1ea3n,\u2026.\u0111\u1ec1u ph\u1ea3i tu\u00e2n th\u1ee7 \u0111\u00fang quy chu\u1ea9n c\u1ee7a B\u1ed9 Y t\u1ebf. V\u00ed d\u1ee5: \u1edf kh\u00e2u l\u1ef1a ch\u1ecdn s\u1ea3n ph\u1ea9m uy t\u00edn, ch\u1ea5t l\u01b0\u1ee3ng, gi\u00e1 c\u1ea3 r\u1ebb. \u1ede kh\u00e2u b\u1ea3o qu\u1ea3n, to\u00e0n b\u1ed9 c\u00e1c thu\u1ed1c \u0111\u1ec1u c\u00f3 quy tr\u00ecnh qu\u1ea3n l\u00fd ch\u1ea5t l\u01b0\u1ee3ng, \u0111\u01b0\u1ee3c b\u1ea3o qu\u1ea3n trong \u0111i\u1ec1u ki\u1ec7n nhi\u1ec7t \u0111\u1ed9 t\u1ed1i \u01b0u theo \u0111\u00fang khuy\u1ebfn c\u00e1o c\u1ee7a nh\u00e0 s\u1ea3n xu\u1ea5t.<\/p>\n<p>Ph\u00f2ng Kh\u00e1m \u0110a Khoa Qu\u1ed1c T\u1ebf An Ph\u00fa\u00a0\u0111\u00e3 ph\u00e1t tri\u1ec3n th\u00eam nhi\u1ec1u c\u00f4ng c\u1ee5 h\u1ed7 tr\u1ee3 b\u1ec7nh nh\u00e2n, b\u00e1c s\u0129 nh\u1eb1m ph\u00e1t huy t\u1ed1i \u0111a hi\u1ec7u qu\u1ea3 trong s\u1eed d\u1ee5ng thu\u1ed1c nh\u01b0:<\/p>\n<ul>\n<li>H\u1ec7 th\u1ed1ng ph\u1ea7n m\u1ec1m k\u00ea toa, b\u00e1n thu\u1ed1c, qu\u1ea3n l\u00fd thu\u1ed1c v\u1edbi c\u00e1c ch\u1ee9c n\u0103ng h\u1eefu \u00edch nh\u01b0 ki\u1ec3m tra t\u01b0\u01a1ng t\u00e1c thu\u1ed1c, li\u1ec1u d\u00f9ng t\u1ed1i \u0111a, ch\u1ee9c n\u0103ng h\u1ea1n ch\u1ebf cho thu\u1ed1c tr\u00f9ng l\u1eb7p trong tr\u01b0\u1eddng h\u1ee3p b\u1ec7nh nh\u00e2n kh\u00e1m nhi\u1ec1u chuy\u00ean khoa kh\u00e1c nhau\u2026<\/li>\n<li>Danh m\u1ee5c c\u00e1c k\u1ebft n\u1ed1i gi\u1eefa thu\u1ed1c v\u00e0 ch\u1ea9n \u0111o\u00e1n b\u1ec7nh (ATC \u2013ICD) h\u1ed7 tr\u1ee3 b\u00e1c s\u0129 trong c\u00f4ng t\u00e1c k\u00ea toa \u0111i\u1ec1u tr\u1ecb.<\/li>\n<\/ul>\n<p>V\u1edbi s\u1ef1 t\u1eadp trung to\u00e0n v\u1eb9n v\u1ec1 nh\u00e2n s\u1ef1, trang thi\u1ebft b\u1ecb, c\u01a1 s\u1edf v\u1eadt ch\u1ea5t, ch\u00fang t\u00f4i t\u1ef1 h\u00e0o l\u00e0 \u0111\u01a1n v\u1ecb d\u1eabn \u0111\u1ea7u trong l\u0129nh v\u1ef1c kh\u00e1m ch\u1eefa b\u1ec7nh ngo\u1ea1i tr\u00fa nh\u01b0 t\u1ea7m nh\u00ecn \u0111\u00e3 \u0111\u1ec1 ra, \u0111\u00e3 \u0111\u01b0\u1ee3c ng\u01b0\u1eddi b\u1ec7nh v\u00e0 x\u00e3 h\u1ed9i c\u00f4ng nh\u1eadn trong su\u1ed1t th\u1eddi gian qua.<\/p>\n<p><img loading=\"lazy\" decoding=\"async\" class=\"size-full wp-image-660 aligncenter\" src=\"http:\/\/pkanphu.com\/wp-content\/uploads\/2018\/09\/nha-thuoc.jpg\" alt=\"\" width=\"600\" height=\"399\" \/><\/p>\n","protected":false},"excerpt":{"rendered":"<p>Ngo\u1ea1i tr\u1eeb c\u00e1c tr\u01b0\u1eddng h\u1ee3p ph\u1ea3i can thi\u1ec7p ngo\u1ea1i khoa, \u0111a s\u1ed1 c\u00e1c tr\u01b0\u1eddng h\u1ee3p sau khi ch\u1ea9n \u0111o\u00e1n v\u00e0 \u0111\u1ecbnh b\u1ec7nh th\u00ec vi\u1ec7c ti\u1ebfp theo l\u00e0 ph\u1ea3i d\u00f9ng thu\u1ed1c. V\u00ec v\u1eady c\u00f3 th\u1ec3 n\u00f3i thu\u1ed1c l\u00e0 t\u00e1c nh\u00e2n quan tr\u1ecdng h\u00e0ng \u0111\u1ea7u trong \u0111i\u1ec1u tr\u1ecb. Mu\u1ed1n \u0111i\u1ec1u tr\u1ecb c\u00f3 hi\u1ec7u qu\u1ea3 th\u00ec ch\u1eafc ch\u1eafn &#8230;<\/p>\n","protected":false},"author":1,"featured_media":0,"parent":0,"menu_order":0,"comment_status":"closed","ping_status":"closed","template":"","meta":{"footnotes":""},"class_list":["post-659","page","type-page","status-publish","hentry"],"yoast_head":"<!-- This site is optimized with the Yoast SEO plugin v21.6 - https:\/\/yoast.com\/wordpress\/plugins\/seo\/ -->\n<title>Nh\u00e0 Thu\u1ed1c - Ph\u00f2ng Kh\u00e1m \u0110a Khoa Qu\u1ed1c T\u1ebf An Ph\u00fa<\/title>\n<meta name=\"description\" content=\"V\u1edbi t\u1ea7m quan tr\u1ecdng nh\u01b0 v\u1eady c\u1ee7a nh\u00e0 thu\u1ed1c, Ph\u00f2ng Kh\u00e1m \u0110a Khoa Qu\u1ed1c T\u1ebf An Ph\u00fa \u0111\u00e3 \u0111\u1ea7u t\u01b0 to\u00e0n b\u1ed9 h\u1ec7 th\u1ed1ng nh\u00e0 thu\u1ed1c t\u1ea1i ph\u00f2ng kh\u00e1m \u0111\u1ea1t chu\u1ea9n GPP c\u1ee7a B\u1ed9 Y t\u1ebf...\" \/>\n<meta name=\"robots\" content=\"index, follow, max-snippet:-1, max-image-preview:large, max-video-preview:-1\" \/>\n<link rel=\"canonical\" href=\"https:\/\/pkanphu.com\/?page_id=659\" \/>\n<meta property=\"og:locale\" content=\"vi_VN\" \/>\n<meta property=\"og:type\" content=\"article\" \/>\n<meta property=\"og:title\" content=\"Nh\u00e0 Thu\u1ed1c - Ph\u00f2ng Kh\u00e1m \u0110a Khoa Qu\u1ed1c T\u1ebf An Ph\u00fa\" \/>\n<meta property=\"og:description\" content=\"V\u1edbi t\u1ea7m quan tr\u1ecdng nh\u01b0 v\u1eady c\u1ee7a nh\u00e0 thu\u1ed1c, Ph\u00f2ng Kh\u00e1m \u0110a Khoa Qu\u1ed1c T\u1ebf An Ph\u00fa \u0111\u00e3 \u0111\u1ea7u t\u01b0 to\u00e0n b\u1ed9 h\u1ec7 th\u1ed1ng nh\u00e0 thu\u1ed1c t\u1ea1i ph\u00f2ng kh\u00e1m \u0111\u1ea1t chu\u1ea9n GPP c\u1ee7a B\u1ed9 Y t\u1ebf...\" \/>\n<meta property=\"og:url\" content=\"https:\/\/pkanphu.com\/?page_id=659\" \/>\n<meta property=\"og:site_name\" content=\"Ph\u00f2ng Kh\u00e1m \u0110a Khoa Qu\u1ed1c T\u1ebf An Ph\u00fa\" \/>\n<meta property=\"article:modified_time\" content=\"2018-10-23T08:14:52+00:00\" \/>\n<meta property=\"og:image\" content=\"http:\/\/pkanphu.com\/wp-content\/uploads\/2018\/09\/nha-thuoc.jpg\" \/>\n<meta name=\"twitter:card\" content=\"summary_large_image\" \/>\n<meta name=\"twitter:label1\" content=\"\u01af\u1edbc t\u00ednh th\u1eddi gian \u0111\u1ecdc\" \/>\n\t<meta name=\"twitter:data1\" content=\"3 ph\u00fat\" \/>\n<script type=\"application\/ld+json\" class=\"yoast-schema-graph\">{\"@context\":\"https:\/\/schema.org\",\"@graph\":[{\"@type\":\"WebPage\",\"@id\":\"https:\/\/pkanphu.com\/?page_id=659\",\"url\":\"https:\/\/pkanphu.com\/?page_id=659\",\"name\":\"Nh\u00e0 Thu\u1ed1c - Ph\u00f2ng Kh\u00e1m \u0110a Khoa Qu\u1ed1c T\u1ebf An Ph\u00fa\",\"isPartOf\":{\"@id\":\"https:\/\/pkanphu.com\/#website\"},\"datePublished\":\"2018-09-23T10:46:46+00:00\",\"dateModified\":\"2018-10-23T08:14:52+00:00\",\"description\":\"V\u1edbi t\u1ea7m quan tr\u1ecdng nh\u01b0 v\u1eady c\u1ee7a nh\u00e0 thu\u1ed1c, Ph\u00f2ng Kh\u00e1m \u0110a Khoa Qu\u1ed1c T\u1ebf An Ph\u00fa \u0111\u00e3 \u0111\u1ea7u t\u01b0 to\u00e0n b\u1ed9 h\u1ec7 th\u1ed1ng nh\u00e0 thu\u1ed1c t\u1ea1i ph\u00f2ng kh\u00e1m \u0111\u1ea1t chu\u1ea9n GPP c\u1ee7a B\u1ed9 Y t\u1ebf...\",\"breadcrumb\":{\"@id\":\"https:\/\/pkanphu.com\/?page_id=659#breadcrumb\"},\"inLanguage\":\"vi\",\"potentialAction\":[{\"@type\":\"ReadAction\",\"target\":[\"https:\/\/pkanphu.com\/?page_id=659\"]}]},{\"@type\":\"BreadcrumbList\",\"@id\":\"https:\/\/pkanphu.com\/?page_id=659#breadcrumb\",\"itemListElement\":[{\"@type\":\"ListItem\",\"position\":1,\"name\":\"Home\",\"item\":\"https:\/\/pkanphu.com\/\"},{\"@type\":\"ListItem\",\"position\":2,\"name\":\"Nh\u00e0 Thu\u1ed1c\"}]},{\"@type\":\"WebSite\",\"@id\":\"https:\/\/pkanphu.com\/#website\",\"url\":\"https:\/\/pkanphu.com\/\",\"name\":\"Ph\u00f2ng Kh\u00e1m \u0110a Khoa Qu\u1ed1c T\u1ebf An Ph\u00fa\",\"description\":\"\",\"potentialAction\":[{\"@type\":\"SearchAction\",\"target\":{\"@type\":\"EntryPoint\",\"urlTemplate\":\"https:\/\/pkanphu.com\/?s={search_term_string}\"},\"query-input\":\"required name=search_term_string\"}],\"inLanguage\":\"vi\"}]}<\/script>\n<!-- \/ Yoast SEO plugin. -->","yoast_head_json":{"title":"Nh\u00e0 Thu\u1ed1c - Ph\u00f2ng Kh\u00e1m \u0110a Khoa Qu\u1ed1c T\u1ebf An Ph\u00fa","description":"V\u1edbi t\u1ea7m quan tr\u1ecdng nh\u01b0 v\u1eady c\u1ee7a nh\u00e0 thu\u1ed1c, Ph\u00f2ng Kh\u00e1m \u0110a Khoa Qu\u1ed1c T\u1ebf An Ph\u00fa \u0111\u00e3 \u0111\u1ea7u t\u01b0 to\u00e0n b\u1ed9 h\u1ec7 th\u1ed1ng nh\u00e0 thu\u1ed1c t\u1ea1i ph\u00f2ng kh\u00e1m \u0111\u1ea1t chu\u1ea9n GPP c\u1ee7a B\u1ed9 Y t\u1ebf...","robots":{"index":"index","follow":"follow","max-snippet":"max-snippet:-1","max-image-preview":"max-image-preview:large","max-video-preview":"max-video-preview:-1"},"canonical":"https:\/\/pkanphu.com\/?page_id=659","og_locale":"vi_VN","og_type":"article","og_title":"Nh\u00e0 Thu\u1ed1c - Ph\u00f2ng Kh\u00e1m \u0110a Khoa Qu\u1ed1c T\u1ebf An Ph\u00fa","og_description":"V\u1edbi t\u1ea7m quan tr\u1ecdng nh\u01b0 v\u1eady c\u1ee7a nh\u00e0 thu\u1ed1c, Ph\u00f2ng Kh\u00e1m \u0110a Khoa Qu\u1ed1c T\u1ebf An Ph\u00fa \u0111\u00e3 \u0111\u1ea7u t\u01b0 to\u00e0n b\u1ed9 h\u1ec7 th\u1ed1ng nh\u00e0 thu\u1ed1c t\u1ea1i ph\u00f2ng kh\u00e1m \u0111\u1ea1t chu\u1ea9n GPP c\u1ee7a B\u1ed9 Y t\u1ebf...","og_url":"https:\/\/pkanphu.com\/?page_id=659","og_site_name":"Ph\u00f2ng Kh\u00e1m \u0110a Khoa Qu\u1ed1c T\u1ebf An Ph\u00fa","article_modified_time":"2018-10-23T08:14:52+00:00","og_image":[{"url":"http:\/\/pkanphu.com\/wp-content\/uploads\/2018\/09\/nha-thuoc.jpg"}],"twitter_card":"summary_large_image","twitter_misc":{"\u01af\u1edbc t\u00ednh th\u1eddi gian \u0111\u1ecdc":"3 ph\u00fat"},"schema":{"@context":"https:\/\/schema.org","@graph":[{"@type":"WebPage","@id":"https:\/\/pkanphu.com\/?page_id=659","url":"https:\/\/pkanphu.com\/?page_id=659","name":"Nh\u00e0 Thu\u1ed1c - Ph\u00f2ng Kh\u00e1m \u0110a Khoa Qu\u1ed1c T\u1ebf An Ph\u00fa","isPartOf":{"@id":"https:\/\/pkanphu.com\/#website"},"datePublished":"2018-09-23T10:46:46+00:00","dateModified":"2018-10-23T08:14:52+00:00","description":"V\u1edbi t\u1ea7m quan tr\u1ecdng nh\u01b0 v\u1eady c\u1ee7a nh\u00e0 thu\u1ed1c, Ph\u00f2ng Kh\u00e1m \u0110a Khoa Qu\u1ed1c T\u1ebf An Ph\u00fa \u0111\u00e3 \u0111\u1ea7u t\u01b0 to\u00e0n b\u1ed9 h\u1ec7 th\u1ed1ng nh\u00e0 thu\u1ed1c t\u1ea1i ph\u00f2ng kh\u00e1m \u0111\u1ea1t chu\u1ea9n GPP c\u1ee7a B\u1ed9 Y t\u1ebf...","breadcrumb":{"@id":"https:\/\/pkanphu.com\/?page_id=659#breadcrumb"},"inLanguage":"vi","potentialAction":[{"@type":"ReadAction","target":["https:\/\/pkanphu.com\/?page_id=659"]}]},{"@type":"BreadcrumbList","@id":"https:\/\/pkanphu.com\/?page_id=659#breadcrumb","itemListElement":[{"@type":"ListItem","position":1,"name":"Home","item":"https:\/\/pkanphu.com\/"},{"@type":"ListItem","position":2,"name":"Nh\u00e0 Thu\u1ed1c"}]},{"@type":"WebSite","@id":"https:\/\/pkanphu.com\/#website","url":"https:\/\/pkanphu.com\/","name":"Ph\u00f2ng Kh\u00e1m \u0110a Khoa Qu\u1ed1c T\u1ebf An Ph\u00fa","description":"","potentialAction":[{"@type":"SearchAction","target":{"@type":"EntryPoint","urlTemplate":"https:\/\/pkanphu.com\/?s={search_term_string}"},"query-input":"required name=search_term_string"}],"inLanguage":"vi"}]}},"_links":{"self":[{"href":"https:\/\/pkanphu.com\/index.php?rest_route=\/wp\/v2\/pages\/659","targetHints":{"allow":["GET"]}}],"collection":[{"href":"https:\/\/pkanphu.com\/index.php?rest_route=\/wp\/v2\/pages"}],"about":[{"href":"https:\/\/pkanphu.com\/index.php?rest_route=\/wp\/v2\/types\/page"}],"author":[{"embeddable":true,"href":"https:\/\/pkanphu.com\/index.php?rest_route=\/wp\/v2\/users\/1"}],"replies":[{"embeddable":true,"href":"https:\/\/pkanphu.com\/index.php?rest_route=%2Fwp%2Fv2%2Fcomments&post=659"}],"version-history":[{"count":3,"href":"https:\/\/pkanphu.com\/index.php?rest_route=\/wp\/v2\/pages\/659\/revisions"}],"predecessor-version":[{"id":678,"href":"https:\/\/pkanphu.com\/index.php?rest_route=\/wp\/v2\/pages\/659\/revisions\/678"}],"wp:attachment":[{"href":"https:\/\/pkanphu.com\/index.php?rest_route=%2Fwp%2Fv2%2Fmedia&parent=659"}],"curies":[{"name":"wp","href":"https:\/\/api.w.org\/{rel}","templated":true}]}}