{"id":404,"date":"2018-09-16T16:47:08","date_gmt":"2018-09-16T09:47:08","guid":{"rendered":"http:\/\/pkanphu.com\/?page_id=404"},"modified":"2023-06-17T11:22:50","modified_gmt":"2023-06-17T04:22:50","slug":"gioi-thieu","status":"publish","type":"page","link":"https:\/\/pkanphu.com\/?page_id=404","title":{"rendered":"Gi\u1edbi thi\u1ec7u"},"content":{"rendered":"\t<section class=\"section dark\" id=\"section_540992361\">\n\t\t<div class=\"bg section-bg fill bg-fill  \" >\n\n\t\t\t\n\t\t\t\n\t\t\t\n\n\t\t<\/div>\n\n\t\t<div class=\"section-content relative\">\n\t\t\t\n<p style=\"text-align: center;\"><span style=\"color: #0b486c;\"><a style=\"text-align: center; color: #0b486c;\"><span style=\"font-size: 300%;\"><strong>GI\u1edaI THI\u1ec6U CHUNG<\/strong><\/span><\/a><\/span><\/p>\n\t\t<\/div>\n\n\t\t\n<style>\n#section_540992361 {\n  padding-top: 100px;\n  padding-bottom: 100px;\n}\n#section_540992361 .section-bg.bg-loaded {\n  background-image: url(https:\/\/pkanphu.com\/wp-content\/uploads\/2018\/09\/Phong-Kham-An-Phu-38-of-72.jpg);\n}\n#section_540992361 .section-bg {\n  background-position: 5% 100%;\n}\n<\/style>\n\t<\/section>\n\t\n<div class=\"row\"  id=\"row-2014487202\">\n\n\t<div id=\"col-296803752\" class=\"col medium-6 small-12 large-6\"  >\n\t\t<div class=\"col-inner\"  >\n\t\t\t\n\t\t\t\t\t<\/div>\n\t\t\t<\/div>\n\n\t\n<h2><span style=\"font-size: 180%;\"><strong><span style=\"color: #0b486c;\">V\u1ec1 ch\u00fang t\u00f4i<\/span><\/strong><\/span><\/h2>\n<p class=\"p1\"><span style=\"color: #000000; font-size: 130%;\">V\u1edbi ph\u01b0\u01a1ng ch\u00e2m tr\u1edf th\u00e0nh ng\u01b0\u1eddi b\u1ea1n \u0111\u1ed3ng h\u00e0nh c\u00f9ng b\u1ec7nh nh\u00e2n v\u00e0 gia \u0111\u00ecnh trong h\u00e0nh tr\u00ecnh<span class=\"Apple-converted-space\">\u00a0\u00a0<\/span>\u201cs\u1ed1ng vui kh\u1ecfe\u201d, Ph\u00f2ng kh\u00e1m \u0110a khoa Qu\u1ed1c t\u1ebf An Ph\u00fa cam k\u1ebft kh\u00f4ng ch\u1ec9 \u0111\u00e1p \u1ee9ng \u0111\u1ea7y \u0111\u1ee7 m\u00e0 c\u00f2n v\u01b0\u1ee3t tr\u00ean s\u1ef1 mong \u0111\u1ee3i c\u1ee7a b\u1ec7nh nh\u00e2n. Ch\u00fang t\u00f4i d\u00e0nh to\u00e0n b\u1ed9 t\u00e2m huy\u1ebft t\u1ea1o ra m\u00f4i tr\u01b0\u1eddng th\u00e2n thi\u1ec7n, tho\u1ea3i m\u00e1i nh\u1ea5t cho b\u1ec7nh nh\u00e2n c\u00f9ng v\u1edbi nh\u1eefng d\u1ecbch v\u1ee5 y t\u1ebf v\u00e0 ch\u0103m s\u00f3c s\u1ee9c kh\u1ecfe ch\u1ea5t l\u01b0\u1ee3ng cao, \u0111\u00e1p \u1ee9ng \u0111a d\u1ea1ng c\u00e1c nhu c\u1ea7u kh\u00e1c nhau c\u1ee7a b\u1ec7nh nh\u00e2n.<\/span><\/p>\n<p>&nbsp;<\/p>\n<\/div>\n","protected":false},"excerpt":{"rendered":"","protected":false},"author":1,"featured_media":0,"parent":0,"menu_order":0,"comment_status":"closed","ping_status":"closed","template":"page-blank.php","meta":{"footnotes":""},"class_list":["post-404","page","type-page","status-publish","hentry"],"yoast_head":"<!-- This site is optimized with the Yoast SEO plugin v21.6 - https:\/\/yoast.com\/wordpress\/plugins\/seo\/ -->\n<title>Gi\u1edbi thi\u1ec7u - Ph\u00f2ng Kh\u00e1m \u0110a Khoa Qu\u1ed1c T\u1ebf An Ph\u00fa<\/title>\n<meta name=\"description\" content=\"Gi\u1edbi thi\u1ec7u: v\u1edbi ph\u01b0\u01a1ng ch\u00e2m tr\u1edf th\u00e0nh ng\u01b0\u1eddi b\u1ea1n \u0111\u1ed3ng h\u00e0nh c\u00f9ng b\u1ec7nh nh\u00e2n v\u00e0 gia \u0111\u00ecnh trong h\u00e0nh tr\u00ecnh\u00a0\u00a0\u201cs\u1ed1ng vui kh\u1ecfe\u201d\" \/>\n<meta name=\"robots\" content=\"index, follow, max-snippet:-1, max-image-preview:large, max-video-preview:-1\" \/>\n<link rel=\"canonical\" href=\"https:\/\/pkanphu.com\/?page_id=404\" \/>\n<meta property=\"og:locale\" content=\"vi_VN\" \/>\n<meta property=\"og:type\" content=\"article\" \/>\n<meta property=\"og:title\" content=\"Gi\u1edbi thi\u1ec7u - Ph\u00f2ng Kh\u00e1m \u0110a Khoa Qu\u1ed1c T\u1ebf An Ph\u00fa\" \/>\n<meta property=\"og:description\" content=\"Gi\u1edbi thi\u1ec7u: v\u1edbi ph\u01b0\u01a1ng ch\u00e2m tr\u1edf th\u00e0nh ng\u01b0\u1eddi b\u1ea1n \u0111\u1ed3ng h\u00e0nh c\u00f9ng b\u1ec7nh nh\u00e2n v\u00e0 gia \u0111\u00ecnh trong h\u00e0nh tr\u00ecnh\u00a0\u00a0\u201cs\u1ed1ng vui kh\u1ecfe\u201d\" \/>\n<meta property=\"og:url\" content=\"https:\/\/pkanphu.com\/?page_id=404\" \/>\n<meta property=\"og:site_name\" content=\"Ph\u00f2ng Kh\u00e1m \u0110a Khoa Qu\u1ed1c T\u1ebf An Ph\u00fa\" \/>\n<meta property=\"article:modified_time\" content=\"2023-06-17T04:22:50+00:00\" \/>\n<meta name=\"twitter:card\" content=\"summary_large_image\" \/>\n<meta name=\"twitter:label1\" content=\"\u01af\u1edbc t\u00ednh th\u1eddi gian \u0111\u1ecdc\" \/>\n\t<meta name=\"twitter:data1\" content=\"1 ph\u00fat\" \/>\n<script type=\"application\/ld+json\" class=\"yoast-schema-graph\">{\"@context\":\"https:\/\/schema.org\",\"@graph\":[{\"@type\":\"WebPage\",\"@id\":\"https:\/\/pkanphu.com\/?page_id=404\",\"url\":\"https:\/\/pkanphu.com\/?page_id=404\",\"name\":\"Gi\u1edbi thi\u1ec7u - Ph\u00f2ng Kh\u00e1m \u0110a Khoa Qu\u1ed1c T\u1ebf An Ph\u00fa\",\"isPartOf\":{\"@id\":\"https:\/\/pkanphu.com\/#website\"},\"datePublished\":\"2018-09-16T09:47:08+00:00\",\"dateModified\":\"2023-06-17T04:22:50+00:00\",\"description\":\"Gi\u1edbi thi\u1ec7u: v\u1edbi ph\u01b0\u01a1ng ch\u00e2m tr\u1edf th\u00e0nh ng\u01b0\u1eddi b\u1ea1n \u0111\u1ed3ng h\u00e0nh c\u00f9ng b\u1ec7nh nh\u00e2n v\u00e0 gia \u0111\u00ecnh trong h\u00e0nh tr\u00ecnh\u00a0\u00a0\u201cs\u1ed1ng vui kh\u1ecfe\u201d\",\"breadcrumb\":{\"@id\":\"https:\/\/pkanphu.com\/?page_id=404#breadcrumb\"},\"inLanguage\":\"vi\",\"potentialAction\":[{\"@type\":\"ReadAction\",\"target\":[\"https:\/\/pkanphu.com\/?page_id=404\"]}]},{\"@type\":\"BreadcrumbList\",\"@id\":\"https:\/\/pkanphu.com\/?page_id=404#breadcrumb\",\"itemListElement\":[{\"@type\":\"ListItem\",\"position\":1,\"name\":\"Home\",\"item\":\"https:\/\/pkanphu.com\/\"},{\"@type\":\"ListItem\",\"position\":2,\"name\":\"Gi\u1edbi thi\u1ec7u\"}]},{\"@type\":\"WebSite\",\"@id\":\"https:\/\/pkanphu.com\/#website\",\"url\":\"https:\/\/pkanphu.com\/\",\"name\":\"Ph\u00f2ng Kh\u00e1m \u0110a Khoa Qu\u1ed1c T\u1ebf An Ph\u00fa\",\"description\":\"\",\"potentialAction\":[{\"@type\":\"SearchAction\",\"target\":{\"@type\":\"EntryPoint\",\"urlTemplate\":\"https:\/\/pkanphu.com\/?s={search_term_string}\"},\"query-input\":\"required name=search_term_string\"}],\"inLanguage\":\"vi\"}]}<\/script>\n<!-- \/ Yoast SEO plugin. -->","yoast_head_json":{"title":"Gi\u1edbi thi\u1ec7u - Ph\u00f2ng Kh\u00e1m \u0110a Khoa Qu\u1ed1c T\u1ebf An Ph\u00fa","description":"Gi\u1edbi thi\u1ec7u: v\u1edbi ph\u01b0\u01a1ng ch\u00e2m tr\u1edf th\u00e0nh ng\u01b0\u1eddi b\u1ea1n \u0111\u1ed3ng h\u00e0nh c\u00f9ng b\u1ec7nh nh\u00e2n v\u00e0 gia \u0111\u00ecnh trong h\u00e0nh tr\u00ecnh\u00a0\u00a0\u201cs\u1ed1ng vui kh\u1ecfe\u201d","robots":{"index":"index","follow":"follow","max-snippet":"max-snippet:-1","max-image-preview":"max-image-preview:large","max-video-preview":"max-video-preview:-1"},"canonical":"https:\/\/pkanphu.com\/?page_id=404","og_locale":"vi_VN","og_type":"article","og_title":"Gi\u1edbi thi\u1ec7u - Ph\u00f2ng Kh\u00e1m \u0110a Khoa Qu\u1ed1c T\u1ebf An Ph\u00fa","og_description":"Gi\u1edbi thi\u1ec7u: v\u1edbi ph\u01b0\u01a1ng ch\u00e2m tr\u1edf th\u00e0nh ng\u01b0\u1eddi b\u1ea1n \u0111\u1ed3ng h\u00e0nh c\u00f9ng b\u1ec7nh nh\u00e2n v\u00e0 gia \u0111\u00ecnh trong h\u00e0nh tr\u00ecnh\u00a0\u00a0\u201cs\u1ed1ng vui kh\u1ecfe\u201d","og_url":"https:\/\/pkanphu.com\/?page_id=404","og_site_name":"Ph\u00f2ng Kh\u00e1m \u0110a Khoa Qu\u1ed1c T\u1ebf An Ph\u00fa","article_modified_time":"2023-06-17T04:22:50+00:00","twitter_card":"summary_large_image","twitter_misc":{"\u01af\u1edbc t\u00ednh th\u1eddi gian \u0111\u1ecdc":"1 ph\u00fat"},"schema":{"@context":"https:\/\/schema.org","@graph":[{"@type":"WebPage","@id":"https:\/\/pkanphu.com\/?page_id=404","url":"https:\/\/pkanphu.com\/?page_id=404","name":"Gi\u1edbi thi\u1ec7u - Ph\u00f2ng Kh\u00e1m \u0110a Khoa Qu\u1ed1c T\u1ebf An Ph\u00fa","isPartOf":{"@id":"https:\/\/pkanphu.com\/#website"},"datePublished":"2018-09-16T09:47:08+00:00","dateModified":"2023-06-17T04:22:50+00:00","description":"Gi\u1edbi thi\u1ec7u: v\u1edbi ph\u01b0\u01a1ng ch\u00e2m tr\u1edf th\u00e0nh ng\u01b0\u1eddi b\u1ea1n \u0111\u1ed3ng h\u00e0nh c\u00f9ng b\u1ec7nh nh\u00e2n v\u00e0 gia \u0111\u00ecnh trong h\u00e0nh tr\u00ecnh\u00a0\u00a0\u201cs\u1ed1ng vui kh\u1ecfe\u201d","breadcrumb":{"@id":"https:\/\/pkanphu.com\/?page_id=404#breadcrumb"},"inLanguage":"vi","potentialAction":[{"@type":"ReadAction","target":["https:\/\/pkanphu.com\/?page_id=404"]}]},{"@type":"BreadcrumbList","@id":"https:\/\/pkanphu.com\/?page_id=404#breadcrumb","itemListElement":[{"@type":"ListItem","position":1,"name":"Home","item":"https:\/\/pkanphu.com\/"},{"@type":"ListItem","position":2,"name":"Gi\u1edbi thi\u1ec7u"}]},{"@type":"WebSite","@id":"https:\/\/pkanphu.com\/#website","url":"https:\/\/pkanphu.com\/","name":"Ph\u00f2ng Kh\u00e1m \u0110a Khoa Qu\u1ed1c T\u1ebf An Ph\u00fa","description":"","potentialAction":[{"@type":"SearchAction","target":{"@type":"EntryPoint","urlTemplate":"https:\/\/pkanphu.com\/?s={search_term_string}"},"query-input":"required name=search_term_string"}],"inLanguage":"vi"}]}},"_links":{"self":[{"href":"https:\/\/pkanphu.com\/index.php?rest_route=\/wp\/v2\/pages\/404","targetHints":{"allow":["GET"]}}],"collection":[{"href":"https:\/\/pkanphu.com\/index.php?rest_route=\/wp\/v2\/pages"}],"about":[{"href":"https:\/\/pkanphu.com\/index.php?rest_route=\/wp\/v2\/types\/page"}],"author":[{"embeddable":true,"href":"https:\/\/pkanphu.com\/index.php?rest_route=\/wp\/v2\/users\/1"}],"replies":[{"embeddable":true,"href":"https:\/\/pkanphu.com\/index.php?rest_route=%2Fwp%2Fv2%2Fcomments&post=404"}],"version-history":[{"count":2,"href":"https:\/\/pkanphu.com\/index.php?rest_route=\/wp\/v2\/pages\/404\/revisions"}],"predecessor-version":[{"id":1288,"href":"https:\/\/pkanphu.com\/index.php?rest_route=\/wp\/v2\/pages\/404\/revisions\/1288"}],"wp:attachment":[{"href":"https:\/\/pkanphu.com\/index.php?rest_route=%2Fwp%2Fv2%2Fmedia&parent=404"}],"curies":[{"name":"wp","href":"https:\/\/api.w.org\/{rel}","templated":true}]}}